{"id":2195,"date":"2026-01-15T10:32:13","date_gmt":"2026-01-15T09:32:13","guid":{"rendered":"https:\/\/monefia.com\/fr\/?post_type=product&#038;p=2195"},"modified":"2026-02-03T12:05:03","modified_gmt":"2026-02-03T11:05:03","slug":"borne-de-commande-et-paiement-libre-service","status":"publish","type":"product","link":"https:\/\/monefia.com\/fr\/produit\/borne-de-commande-et-paiement-libre-service\/","title":{"rendered":"Borne de commande et paiement libre service"},"content":{"rendered":"<style>\n.imagesquare{\n    position:relative;\n    overflow:hidden;\n    padding-bottom:100%;\n}\n.imagesquare img{\n      position: absolute;\n      max-width: 100%;\n      max-height: 100%;\n      top: 50%;\n      left: 50%;\n      transform: translateX(-50%) translateY(-50%);\n}\n.ac-container label{\n\tfont-family: 'BebasNeueRegular', 'Arial Narrow', Arial, sans-serif;\n\tpadding: 5px 20px;\n\tposition: relative;\n\tz-index: 20;\n\tdisplay: block;\n\theight: 30px;\n\tcursor: pointer;\n\tcolor: #777;\n\tline-height: 33px;\n\tfont-size: 19px;\n\tbackground: #ffffff;\n}\n.ac-container label:hover{\n\tbackground: #fff;\n}\n.ac-container input:checked + label,\n.ac-container input:checked + label:hover{\ncolor: #000;\nfont-size:20px;\nfont-weight:bold;\t\n}\n.woocommerce-page label {\n  margin-bottom: 0;\n}\n.ac-container label:hover:after,\n.ac-container input:checked + label:hover:after{\n\tcontent: '';\n\tposition: absolute;\n\twidth: 24px;\n\theight: 24px;\n\tright: 13px;\n\ttop: 7px;\n\tbackground: transparent url(..\/images\/arrow_down.png) no-repeat center center;\t\n}\n.ac-container input:checked + label:hover:after{\n\tbackground-image: url(..\/images\/arrow_up.png);\n}\n.ac-container input{\n\tdisplay: none;\n}\n.ac-container article{\n\tbackground: rgba(255, 255, 255, 0.5);\n\tmargin-top: -1px;\n\toverflow: hidden;\n\theight: 0px;\n\tposition: relative;\n\tz-index: 10;\n\t-webkit-transition: height 0.3s ease-in-out, box-shadow 0.6s linear;\n\t-moz-transition: height 0.3s ease-in-out, box-shadow 0.6s linear;\n\t-o-transition: height 0.3s ease-in-out, box-shadow 0.6s linear;\n\t-ms-transition: height 0.3s ease-in-out, box-shadow 0.6s linear;\n\ttransition: height 0.3s ease-in-out, box-shadow 0.6s linear;\n}\n.ac-container article div{\n\tcolor: #333;\n\tfont-size: 15px;\n}\n.ac-container input:checked ~ article{\n\t-webkit-transition: height 0.5s ease-in-out, box-shadow 0.1s linear;\n\t-moz-transition: height 0.5s ease-in-out, box-shadow 0.1s linear;\n\t-o-transition: height 0.5s ease-in-out, box-shadow 0.1s linear;\n\t-ms-transition: height 0.5s ease-in-out, box-shadow 0.1s linear;\n\ttransition: height 0.5s ease-in-out, box-shadow 0.1s linear;\n}\n.ac-container input:checked ~ article.ac-small{\n\theight: 90px;\nmargin-left: 20px;\n}\n.ac-container input:checked ~ article.ac-medium{\n\theight: 180px;\n}\n.ac-container input:checked ~ article.ac-large{\n\theight: 230px;\n}\np {\n  margin-top: 0;\n  margin-bottom:0;\n}\n.acc-title{font-size:20px;color:#000;}\n<\/style>\n<div align=\"center\" style=\"margin-top:80px;\">\n<h2>R\u00e9duisez les files, acc\u00e9l\u00e9rez l\u2019encaissement<br \/>et donnez de l\u2019autonomie \u00e0 vos clients<\/h2>\n<\/div>\n<div class=\"row\" style=\"margin-top:80px;\">\n<div class=\"col-md-8 offset-md-2\">\n<div class=\"row\">\n<div class=\"col-md-6\">\n<div class=\"ratio ratio-1x1\">\n<img decoding=\"async\" src=\"\/fr\/wp-content\/uploads\/2026\/01\/borne-de-paiement-autonome-pour-restaurants-festivals-hotels.jpg\" class=\"img img-responsive full-width\" style=\"border-radius:20px;\">\n        <\/div>\n<\/div>\n<div class=\"col-md-6\">\n<section class=\"ac-container\">\n<div><input id=\"ac-1\" name=\"accordion-1\" type=\"radio\" checked \/><label for=\"ac-1\" class=\"acc-title\">Am\u00e9liorez l\u2019exp\u00e9rience client<\/label><\/p>\n<article class=\"ac-small\">\n<div>L&rsquo;installation d&rsquo;une borne de commande permet d&rsquo;augmenter de 12 \u00e0 15% le ticket client moyen*<\/div>\n<\/article>\n<\/div>\n<div><input id=\"ac-2\" name=\"accordion-1\" type=\"radio\" \/><label for=\"ac-2\" class=\"acc-title\">Gestion centralis\u00e9e des commandes<\/label><\/p>\n<article class=\"ac-small\">\n<div>Connectez facilement la borne \u00e0 votre logiciel de caisse<\/div>\n<\/article>\n<\/div>\n<div><input id=\"ac-3\" name=\"accordion-1\" type=\"radio\" \/><label for=\"ac-3\" class=\"acc-title\">Accepte toutes les cartes<\/label><\/p>\n<article class=\"ac-small\">\n<div>Certifi\u00e9 pour les cartes Visa, Mastercard, Maestro, AMEX, Apple Pay, Google Pay ainsi que les cartes sans contact, \u00e0 code PIN et \u00e0 bande magn\u00e9tique. <\/div>\n<\/article>\n<\/div>\n<div><input id=\"ac-4\" name=\"accordion-1\" type=\"radio\" \/><label for=\"ac-4\" class=\"acc-title\">Configuration simple et rapide<\/label><\/p>\n<article class=\"ac-small\">\n<div>G\u00e9rez vous m\u00eame votre borne via une interface d\u00e9di\u00e9e conviviale<\/div>\n<\/article>\n<\/div>\n<\/section><\/div>\n<\/div>\n<\/div>\n<\/div>\n<div style=\"background-color:#F5F5F7;padding:30px;border-top-left-radius:50px;border-top-right-radius:50px\">\n<div class=\"row\">\n<div class=\"col-md-6\"><img decoding=\"async\" src=\"\/fr\/wp-content\/uploads\/2026\/01\/bornecommande.png\" class=\"img-fluid\"><\/div>\n<div class=\"col-md-6\">\n<h1 style=\"color:#000;\">Votre solution borne autonome avec paiement carte bancaire<\/h1>\n<div style=\"margin-top:40px\">\n<h4>Borne de commande et r\u00e9servation client avec paiement et impression du ticket de caisse<\/h4>\n<\/div>\n<div align=\"center\" style=\"margin-top:30px;margin-bottom:20px;\">\n<h6 style=\"color:#000\">Fonctions incluses<\/h6>\n<\/div>\n<div class=\"row\">\n<div class=\"col-md-3\">\n<h5>Paiement avec puce<\/h5>\n<div>Acceptez tous les paiements avec carte physique CB, Visa, Mastercard<\/div>\n<\/div>\n<div class=\"col-md-3\">\n<h5>Paiement sans contact<\/h5>\n<div>Compatible sans contact, ApplePay, GooglePay<\/div>\n<\/div>\n<div class=\"col-md-3\">\n<h5>Paiement avec bande magn\u00e9tique<\/h5>\n<div>Paiement cartes \u00e9trang\u00e8res<\/div>\n<\/div>\n<div class=\"col-md-3\">\n<h5>Gestion centralis\u00e9e<\/h5>\n<div>G\u00e9rer en toute autonomie le catalogue et connectez \u00e0 votre caisse<\/div>\n<\/div>\n<\/div>\n<\/div>\n<\/div>\n<\/div>\n<div style=\"border-left: 3px solid #F5F5F7;border-right: 3px solid #F5F5F7;border-bottom: 3px solid #F5F5F7;border-bottom-left-radius: 30px;border-bottom-right-radius: 30px;padding: 50px;margin-top: 0px;\">\n<div align=\"center\"><img decoding=\"async\" src=\"\/fr\/wp-content\/uploads\/2026\/01\/bouclier-tarifaire.jpg\" style=\"width:200px;\"><\/div>\n<div align=\"center\" style=\"margin-top:30px\">\n<h1 style=\"color:#000\">La commission de traitement est bloqu\u00e9e \u00e0 0,15\u20ac<\/h1>\n<h4>avec l&rsquo;option bouclier tarifaire<\/h4>\n<\/div>\n<div align=\"center\"\n\n<h3>Offre IC++ 0,25%<\/h3>\n<p> (option \u00e0 9,99ht\/mois)<\/p><\/div>\n<div class=\"row\">\n<div class=\"col-md-6\">\n<div style=\"background-color:#F5F5F7;margin:30px;border-radius:40px;padding:30px\">\n<div>\n<h1 style=\"color:#000;\">0,2%<\/h1>\n<p> Commission d&rsquo;interchange pay\u00e9e \u00e0 la banque de votre client<\/p><\/div>\n<div>\n<h3>+<\/h3>\n<\/div>\n<div>\n<div style=\"position: absolute;\n  width: 300px;left: 230px;\"><img decoding=\"async\" src=\"\/fr\/wp-content\/uploads\/2026\/01\/arrowleft.png\" style=\"width:100px;\"><\/p>\n<div style=\"position: absolute;left: 110px;top: 20px;\">Jamais plus de 15 centimes<\/div>\n<\/div>\n<h1 style=\"color:#000;\">0,25%<\/h1>\n<p> Commission de traitement<\/p><\/div>\n<div>\n<h3>+<\/h3>\n<\/div>\n<div>\n<h1 style=\"color:#000;\">0,05\u20ac<\/h1>\n<p> par transaction<\/p><\/div>\n<\/div>\n<\/div>\n<div class=\"col-md-6\">\n<div style=\"background-color:#F5F5F7;margin:30px;border-radius:40px;padding:30px;\">\n<h3 style=\"color:#000;\">Avec le bouclier tarifaire vos frais de traitement sont facilement pr\u00e9visibles et vous limitez les frais d&rsquo;encaissement carte bancaire<\/h3>\n<\/div>\n<\/div>\n<\/div>\n<\/div>\n<div class=\"col-md-12 mt-50\">\n<div style=\"padding-top:30px;\">\n<h4>Caract\u00e9ristiques techniques<\/h4>\n<\/div>\n<div class=\"row mt-40\" style=\"font-size:12px;\">\n<div class=\"col-md-6\">\n<table class=\"table table-striped-columns\">\n<tbody>\n<tr>\n<td>Ecran<\/td>\n<td>21.5&Prime; (1920 x 1080) couleur, Capacitatif, Multi-Touch<\/td>\n<\/tr>\n<tr>\n<td>Processeur<\/td>\n<td>Quad-Core Cortex-A55, 2.0GHz<\/td>\n<\/tr>\n<tr>\n<td>M\u00e9moire<\/td>\n<td>2 GB RAM + 16GB ROM (Micro SD Card support\u00e9e jusqu\u2019\u00e0 128GB)<\/td>\n<\/tr>\n<tr>\n<td>Cam\u00e9ra<\/td>\n<td>5 MP<\/td>\n<\/tr>\n<tr>\n<td>Syst\u00e8me d\u2019exploitation<\/td>\n<td>Android 11<\/td>\n<\/tr>\n<tr>\n<td>Communication<\/td>\n<td>Wi-Fi, 802.11a\/b\/g\/n, 2.4GHz \u2013 BT4 &#8211; LAN 1000M<\/td>\n<\/tr>\n<tr>\n<td>Imprimante<\/td>\n<td>Haute vitesse. Rouleur 80mm, Diam\u00e8tre 40mm<\/td>\n<\/tr>\n<tr>\n<td>Audio<\/td>\n<td>1 Haut parleur<\/td>\n<\/tr>\n<tr>\n<td>Ports externes<\/td>\n<td>2 x Type USB 3 &#8211; 1 HDMI &#8211; 1 RJ 45<\/td>\n<\/tr>\n<tr>\n<td>Adaptateur<\/td>\n<td>DC 12V\/10A<\/td>\n<\/tr>\n<\/tbody>\n<\/table>\n<\/div>\n<div class=\"col-md-6\">\n<table class=\"table table-striped-columns\">\n<tbody>\n<tr>\n<td>Lecteurs de carte<\/td>\n<td>Carte \u00e0 puce, magn\u00e9tique, sans contact<\/td>\n<\/tr>\n<tr>\n<td>Slot<\/td>\n<td>1 carte sim + 2 sam<\/td>\n<\/tr>\n<tr>\n<td>Dimensions<\/td>\n<td>835mm (L) x 380mm(l) x 85mm(H) <\/td>\n<\/tr>\n<tr>\n<td>Accessoires (optionnel)<\/td>\n<td>Lecteur NFC &#8211; Scanner<\/td>\n<\/tr>\n<tr>\n<td>Certifications<\/td>\n<td>CE, ATEX, IP54;<br \/>EMV3.0, L1&amp;L2, PBOC\/QPBOC,Paypass, PayWave, JCB, AMEX,<br \/>\nDiscover, TQM;<br \/>PCI6.X, UPTS 3.0, Common Criteria\n<\/td>\n<\/tr>\n<tr>\n<td>Environnement<\/td>\n<td>Temp\u00e9rature de fonctionnement : -10 \u00b0C \u00e0 50 \u00b0C<br \/>Temp\u00e9rature de stockage : -20 \u00b0C \u00e0<br \/>\n60 \u00b0C<\/td>\n<\/tr>\n<\/tbody>\n<\/table>\n<\/div>\n<\/div>\n<\/div>\n<\/div>\n<p>* source rapport McKinsey (2023) : Dans un rapport sur la restauration rapide (QSR), le cabinet indique que les restaurants utilisant des bornes peuvent esp\u00e9rer une augmentation moyenne de 12% des ventes totales et de 15% de la valeur de la commande.\n<\/p><\/div>\n","protected":false},"excerpt":{"rendered":"<ul>\n<li><i class=\"fas fa-check\"><\/i> Grand \u00e9cran <strong>21,5&Prime;<\/strong><\/li>\n<li><i class=\"fas fa-check\"><\/i> Imprimante + Terminal de paiement<\/li>\n<li><i class=\"fas fa-check\"><\/i> Connexion Ethernet + Wifi<\/li>\n<li><i class=\"fas fa-check\"><\/i> Configuration et mise en service offerte*<\/li>\n<\/ul>\n<div class=\"row\">\n<div class=\"col-2\"><img decoding=\"async\" src=\"\/fr\/wp-content\/uploads\/2025\/11\/pt-logo-visa.jpg\" class=\"img-fluid\"><\/div>\n<div class=\"col-2\"><img decoding=\"async\" src=\"\/fr\/wp-content\/uploads\/2025\/11\/pt-logo-mastercard.jpg\" class=\"img-fluid\"><\/div>\n<div class=\"col-2\"><img decoding=\"async\" src=\"\/fr\/wp-content\/uploads\/2025\/11\/pt-logo-maestro.jpg\" class=\"img-fluid\"><\/div>\n<div class=\"col-2\"><img decoding=\"async\" src=\"\/fr\/wp-content\/uploads\/2025\/11\/pt-logo-sans-contact.jpg\" class=\"img-fluid\"><\/div>\n<\/div>\n<div style=\"margin-top:25px;\">Garantie l\u00e9gale 2 ans<\/p>\n<div>* Offre sp\u00e9ciale jusqu&rsquo;au 30\/06\/2026<\/div>\n<\/div>\n","protected":false},"featured_media":2197,"comment_status":"open","ping_status":"closed","template":"","meta":{"_acf_changed":false,"_frontis_meta_header_display":false,"_frontis_meta_footer_display":false,"_frontis_meta_site_title_display":false,"_frontis_meta_sticky_header":false,"_frontis_meta_transparent_header":false,"_frontis_meta_lazy_load":false,"_frontis_meta_transparent_bg_color":"","_frontis_meta_sticky_bg_color":""},"product_brand":[],"product_cat":[40],"product_tag":[],"class_list":{"0":"post-2195","1":"product","2":"type-product","3":"status-publish","4":"has-post-thumbnail","6":"product_cat-terminal-de-paiement","8":"first","9":"instock","10":"sale","11":"shipping-taxable","12":"purchasable","13":"product-type-simple"},"acf":[],"yoast_head":"<!-- This site is optimized with the Yoast SEO plugin v26.8 - https:\/\/yoast.com\/product\/yoast-seo-wordpress\/ -->\n<title>Borne de commande et paiement libre service - Monefia<\/title>\n<meta name=\"robots\" content=\"index, follow, max-snippet:-1, max-image-preview:large, max-video-preview:-1\" \/>\n<link rel=\"canonical\" href=\"https:\/\/monefia.com\/fr\/produit\/borne-de-commande-et-paiement-libre-service\/\" \/>\n<meta property=\"og:locale\" content=\"fr_FR\" \/>\n<meta property=\"og:type\" content=\"article\" \/>\n<meta property=\"og:title\" content=\"Borne de commande et paiement libre service - Monefia\" \/>\n<meta property=\"og:description\" content=\"Grand \u00e9cran 21,5&quot;   Imprimante + Terminal de paiement   Connexion Ethernet + Wifi  Configuration et mise en service offerte*        Garantie l\u00e9gale 2 ans* Offre sp\u00e9ciale jusqu&#039;au 30\/06\/2026\" \/>\n<meta property=\"og:url\" content=\"https:\/\/monefia.com\/fr\/produit\/borne-de-commande-et-paiement-libre-service\/\" \/>\n<meta property=\"og:site_name\" content=\"Monefia\" \/>\n<meta property=\"article:modified_time\" content=\"2026-02-03T11:05:03+00:00\" \/>\n<meta property=\"og:image\" content=\"https:\/\/monefia.com\/fr\/wp-content\/uploads\/2026\/01\/borne-kiosque-commande-restaurant-fastfood-reservation-commande-paiement-borne.jpg\" \/>\n\t<meta property=\"og:image:width\" content=\"700\" \/>\n\t<meta property=\"og:image:height\" content=\"700\" \/>\n\t<meta property=\"og:image:type\" content=\"image\/jpeg\" \/>\n<meta name=\"twitter:card\" content=\"summary_large_image\" \/>\n<meta name=\"twitter:label1\" content=\"Dur\u00e9e de lecture estim\u00e9e\" \/>\n\t<meta name=\"twitter:data1\" content=\"3 minutes\" \/>\n<script type=\"application\/ld+json\" class=\"yoast-schema-graph\">{\"@context\":\"https:\/\/schema.org\",\"@graph\":[{\"@type\":\"WebPage\",\"@id\":\"https:\/\/monefia.com\/fr\/produit\/borne-de-commande-et-paiement-libre-service\/\",\"url\":\"https:\/\/monefia.com\/fr\/produit\/borne-de-commande-et-paiement-libre-service\/\",\"name\":\"Borne de commande et paiement libre service - Monefia\",\"isPartOf\":{\"@id\":\"https:\/\/monefia.com\/fr\/#website\"},\"primaryImageOfPage\":{\"@id\":\"https:\/\/monefia.com\/fr\/produit\/borne-de-commande-et-paiement-libre-service\/#primaryimage\"},\"image\":{\"@id\":\"https:\/\/monefia.com\/fr\/produit\/borne-de-commande-et-paiement-libre-service\/#primaryimage\"},\"thumbnailUrl\":\"https:\/\/monefia.com\/fr\/wp-content\/uploads\/2026\/01\/borne-kiosque-commande-restaurant-fastfood-reservation-commande-paiement-borne.jpg\",\"datePublished\":\"2026-01-15T09:32:13+00:00\",\"dateModified\":\"2026-02-03T11:05:03+00:00\",\"breadcrumb\":{\"@id\":\"https:\/\/monefia.com\/fr\/produit\/borne-de-commande-et-paiement-libre-service\/#breadcrumb\"},\"inLanguage\":\"fr-FR\",\"potentialAction\":[{\"@type\":\"ReadAction\",\"target\":[\"https:\/\/monefia.com\/fr\/produit\/borne-de-commande-et-paiement-libre-service\/\"]}]},{\"@type\":\"ImageObject\",\"inLanguage\":\"fr-FR\",\"@id\":\"https:\/\/monefia.com\/fr\/produit\/borne-de-commande-et-paiement-libre-service\/#primaryimage\",\"url\":\"https:\/\/monefia.com\/fr\/wp-content\/uploads\/2026\/01\/borne-kiosque-commande-restaurant-fastfood-reservation-commande-paiement-borne.jpg\",\"contentUrl\":\"https:\/\/monefia.com\/fr\/wp-content\/uploads\/2026\/01\/borne-kiosque-commande-restaurant-fastfood-reservation-commande-paiement-borne.jpg\",\"width\":700,\"height\":700},{\"@type\":\"BreadcrumbList\",\"@id\":\"https:\/\/monefia.com\/fr\/produit\/borne-de-commande-et-paiement-libre-service\/#breadcrumb\",\"itemListElement\":[{\"@type\":\"ListItem\",\"position\":1,\"name\":\"Accueil\",\"item\":\"https:\/\/monefia.com\/fr\/\"},{\"@type\":\"ListItem\",\"position\":2,\"name\":\"Boutique\",\"item\":\"https:\/\/monefia.com\/fr\/boutique\/\"},{\"@type\":\"ListItem\",\"position\":3,\"name\":\"Borne de commande et paiement libre service\"}]},{\"@type\":\"WebSite\",\"@id\":\"https:\/\/monefia.com\/fr\/#website\",\"url\":\"https:\/\/monefia.com\/fr\/\",\"name\":\"Monefia\",\"description\":\"G\u00e9rez, Encaissez, Progressez, sans frais cach\u00e9s\",\"publisher\":{\"@id\":\"https:\/\/monefia.com\/fr\/#organization\"},\"potentialAction\":[{\"@type\":\"SearchAction\",\"target\":{\"@type\":\"EntryPoint\",\"urlTemplate\":\"https:\/\/monefia.com\/fr\/?s={search_term_string}\"},\"query-input\":{\"@type\":\"PropertyValueSpecification\",\"valueRequired\":true,\"valueName\":\"search_term_string\"}}],\"inLanguage\":\"fr-FR\"},{\"@type\":\"Organization\",\"@id\":\"https:\/\/monefia.com\/fr\/#organization\",\"name\":\"Monefia\",\"url\":\"https:\/\/monefia.com\/fr\/\",\"logo\":{\"@type\":\"ImageObject\",\"inLanguage\":\"fr-FR\",\"@id\":\"https:\/\/monefia.com\/fr\/#\/schema\/logo\/image\/\",\"url\":\"https:\/\/monefia.com\/fr\/wp-content\/uploads\/2025\/10\/logo-monefia.png\",\"contentUrl\":\"https:\/\/monefia.com\/fr\/wp-content\/uploads\/2025\/10\/logo-monefia.png\",\"width\":325,\"height\":70,\"caption\":\"Monefia\"},\"image\":{\"@id\":\"https:\/\/monefia.com\/fr\/#\/schema\/logo\/image\/\"}}]}<\/script>\n<!-- \/ Yoast SEO plugin. -->","yoast_head_json":{"title":"Borne de commande et paiement libre service - Monefia","robots":{"index":"index","follow":"follow","max-snippet":"max-snippet:-1","max-image-preview":"max-image-preview:large","max-video-preview":"max-video-preview:-1"},"canonical":"https:\/\/monefia.com\/fr\/produit\/borne-de-commande-et-paiement-libre-service\/","og_locale":"fr_FR","og_type":"article","og_title":"Borne de commande et paiement libre service - Monefia","og_description":"Grand \u00e9cran 21,5\"   Imprimante + Terminal de paiement   Connexion Ethernet + Wifi  Configuration et mise en service offerte*        Garantie l\u00e9gale 2 ans* Offre sp\u00e9ciale jusqu'au 30\/06\/2026","og_url":"https:\/\/monefia.com\/fr\/produit\/borne-de-commande-et-paiement-libre-service\/","og_site_name":"Monefia","article_modified_time":"2026-02-03T11:05:03+00:00","og_image":[{"width":700,"height":700,"url":"https:\/\/monefia.com\/fr\/wp-content\/uploads\/2026\/01\/borne-kiosque-commande-restaurant-fastfood-reservation-commande-paiement-borne.jpg","type":"image\/jpeg"}],"twitter_card":"summary_large_image","twitter_misc":{"Dur\u00e9e de lecture estim\u00e9e":"3 minutes"},"schema":{"@context":"https:\/\/schema.org","@graph":[{"@type":"WebPage","@id":"https:\/\/monefia.com\/fr\/produit\/borne-de-commande-et-paiement-libre-service\/","url":"https:\/\/monefia.com\/fr\/produit\/borne-de-commande-et-paiement-libre-service\/","name":"Borne de commande et paiement libre service - Monefia","isPartOf":{"@id":"https:\/\/monefia.com\/fr\/#website"},"primaryImageOfPage":{"@id":"https:\/\/monefia.com\/fr\/produit\/borne-de-commande-et-paiement-libre-service\/#primaryimage"},"image":{"@id":"https:\/\/monefia.com\/fr\/produit\/borne-de-commande-et-paiement-libre-service\/#primaryimage"},"thumbnailUrl":"https:\/\/monefia.com\/fr\/wp-content\/uploads\/2026\/01\/borne-kiosque-commande-restaurant-fastfood-reservation-commande-paiement-borne.jpg","datePublished":"2026-01-15T09:32:13+00:00","dateModified":"2026-02-03T11:05:03+00:00","breadcrumb":{"@id":"https:\/\/monefia.com\/fr\/produit\/borne-de-commande-et-paiement-libre-service\/#breadcrumb"},"inLanguage":"fr-FR","potentialAction":[{"@type":"ReadAction","target":["https:\/\/monefia.com\/fr\/produit\/borne-de-commande-et-paiement-libre-service\/"]}]},{"@type":"ImageObject","inLanguage":"fr-FR","@id":"https:\/\/monefia.com\/fr\/produit\/borne-de-commande-et-paiement-libre-service\/#primaryimage","url":"https:\/\/monefia.com\/fr\/wp-content\/uploads\/2026\/01\/borne-kiosque-commande-restaurant-fastfood-reservation-commande-paiement-borne.jpg","contentUrl":"https:\/\/monefia.com\/fr\/wp-content\/uploads\/2026\/01\/borne-kiosque-commande-restaurant-fastfood-reservation-commande-paiement-borne.jpg","width":700,"height":700},{"@type":"BreadcrumbList","@id":"https:\/\/monefia.com\/fr\/produit\/borne-de-commande-et-paiement-libre-service\/#breadcrumb","itemListElement":[{"@type":"ListItem","position":1,"name":"Accueil","item":"https:\/\/monefia.com\/fr\/"},{"@type":"ListItem","position":2,"name":"Boutique","item":"https:\/\/monefia.com\/fr\/boutique\/"},{"@type":"ListItem","position":3,"name":"Borne de commande et paiement libre service"}]},{"@type":"WebSite","@id":"https:\/\/monefia.com\/fr\/#website","url":"https:\/\/monefia.com\/fr\/","name":"Monefia","description":"G\u00e9rez, Encaissez, Progressez, sans frais cach\u00e9s","publisher":{"@id":"https:\/\/monefia.com\/fr\/#organization"},"potentialAction":[{"@type":"SearchAction","target":{"@type":"EntryPoint","urlTemplate":"https:\/\/monefia.com\/fr\/?s={search_term_string}"},"query-input":{"@type":"PropertyValueSpecification","valueRequired":true,"valueName":"search_term_string"}}],"inLanguage":"fr-FR"},{"@type":"Organization","@id":"https:\/\/monefia.com\/fr\/#organization","name":"Monefia","url":"https:\/\/monefia.com\/fr\/","logo":{"@type":"ImageObject","inLanguage":"fr-FR","@id":"https:\/\/monefia.com\/fr\/#\/schema\/logo\/image\/","url":"https:\/\/monefia.com\/fr\/wp-content\/uploads\/2025\/10\/logo-monefia.png","contentUrl":"https:\/\/monefia.com\/fr\/wp-content\/uploads\/2025\/10\/logo-monefia.png","width":325,"height":70,"caption":"Monefia"},"image":{"@id":"https:\/\/monefia.com\/fr\/#\/schema\/logo\/image\/"}}]}},"fb_featured_image_src":{"full":["https:\/\/monefia.com\/fr\/wp-content\/uploads\/2026\/01\/borne-kiosque-commande-restaurant-fastfood-reservation-commande-paiement-borne.jpg",700,700,false],"thumbnail":["https:\/\/monefia.com\/fr\/wp-content\/uploads\/2026\/01\/borne-kiosque-commande-restaurant-fastfood-reservation-commande-paiement-borne-150x150.jpg",150,150,true],"medium":["https:\/\/monefia.com\/fr\/wp-content\/uploads\/2026\/01\/borne-kiosque-commande-restaurant-fastfood-reservation-commande-paiement-borne-300x300.jpg",300,300,true],"medium_large":["https:\/\/monefia.com\/fr\/wp-content\/uploads\/2026\/01\/borne-kiosque-commande-restaurant-fastfood-reservation-commande-paiement-borne.jpg",700,700,false],"large":["https:\/\/monefia.com\/fr\/wp-content\/uploads\/2026\/01\/borne-kiosque-commande-restaurant-fastfood-reservation-commande-paiement-borne.jpg",700,700,false]},"fb_author_info":{"name":"adswpmoneffr","avatar":"https:\/\/secure.gravatar.com\/avatar\/?s=96&d=mm&r=g","bio":"","archive_url":"https:\/\/monefia.com\/fr\/author\/","email":"contact@monefia.com","latest_post_date":"28 Oct 2025"},"fb_category_info":[],"fb_post_tag_info":[{"id":26,"name":"simple","slug":"simple","url":"https:\/\/monefia.com\/fr\/?taxonomy=product_type&term=simple","taxonomy":"product_type"}],"fb_post_excerpt":"Grand \u00e9cran 21,5\" Imprimante + Terminal de paiement Connexion Ethernet + Wifi Configuration et mise en service offerte* Garantie l\u00e9gale 2 ans* Offre sp\u00e9ciale jusqu'au 30\/06\/2026","_links":{"self":[{"href":"https:\/\/monefia.com\/fr\/wp-json\/wp\/v2\/product\/2195","targetHints":{"allow":["GET"]}}],"collection":[{"href":"https:\/\/monefia.com\/fr\/wp-json\/wp\/v2\/product"}],"about":[{"href":"https:\/\/monefia.com\/fr\/wp-json\/wp\/v2\/types\/product"}],"replies":[{"embeddable":true,"href":"https:\/\/monefia.com\/fr\/wp-json\/wp\/v2\/comments?post=2195"}],"wp:featuredmedia":[{"embeddable":true,"href":"https:\/\/monefia.com\/fr\/wp-json\/wp\/v2\/media\/2197"}],"wp:attachment":[{"href":"https:\/\/monefia.com\/fr\/wp-json\/wp\/v2\/media?parent=2195"}],"wp:term":[{"taxonomy":"product_brand","embeddable":true,"href":"https:\/\/monefia.com\/fr\/wp-json\/wp\/v2\/product_brand?post=2195"},{"taxonomy":"product_cat","embeddable":true,"href":"https:\/\/monefia.com\/fr\/wp-json\/wp\/v2\/product_cat?post=2195"},{"taxonomy":"product_tag","embeddable":true,"href":"https:\/\/monefia.com\/fr\/wp-json\/wp\/v2\/product_tag?post=2195"}],"curies":[{"name":"wp","href":"https:\/\/api.w.org\/{rel}","templated":true}]}}