{"id":678,"date":"2025-11-03T16:51:09","date_gmt":"2025-11-03T15:51:09","guid":{"rendered":"https:\/\/monefia.com\/fr\/?page_id=678"},"modified":"2026-02-09T15:02:27","modified_gmt":"2026-02-09T14:02:27","slug":"a-propos-de-nous","status":"publish","type":"page","link":"https:\/\/monefia.com\/fr\/a-propos-de-nous\/","title":{"rendered":"A propos de nous"},"content":{"rendered":"\t\t<div data-elementor-type=\"wp-page\" data-elementor-id=\"678\" class=\"elementor elementor-678\">\n\t\t\t\t<div class=\"elementor-element elementor-element-1b6c5aec e-flex e-con-boxed e-con e-parent\" data-id=\"1b6c5aec\" data-element_type=\"container\">\n\t\t\t\t\t<div class=\"e-con-inner\">\n\t\t\t\t<div class=\"elementor-element elementor-element-77a80532 elementor-widget elementor-widget-text-editor\" data-id=\"77a80532\" data-element_type=\"widget\" data-widget_type=\"text-editor.default\">\n\t\t\t\t\t\t\t\t\t\n<div class=\"row justify-content-center\">\n<div class=\"col-md-12\">\n<h1 class=\"wp-block-heading alignwide has-text-align-center txth1\" style=\"padding: 0; margin: 0 0 var(--wp--preset--spacing--spacing-32) 0;\">La boite \u00e0 outils de l\u2019entrepreneur heureux<\/h1>\n<\/div>\n<\/div>\n\n<p>\u00a0<\/p>\n\t\t\t\t\t\t\t\t<\/div>\n\t\t<div class=\"elementor-element elementor-element-150ef08 e-flex e-con-boxed e-con e-child\" data-id=\"150ef08\" data-element_type=\"container\">\n\t\t\t\t\t<div class=\"e-con-inner\">\n\t\t\t\t<div class=\"elementor-element elementor-element-a3393ee elementor-widget elementor-widget-text-editor\" data-id=\"a3393ee\" data-element_type=\"widget\" data-widget_type=\"text-editor.default\">\n\t\t\t\t\t\t\t\t\t<p>\u00catre entrepreneur est une aventure passionnante, mais la gestion financi\u00e8re ne devrait jamais \u00eatre un frein \u00e0 votre enthousiasme.<\/p>\n<p>Chez Monefia, nous avons une conviction simple : un entrepreneur heureux est un entrepreneur libre de se concentrer sur son m\u00e9tier.<\/p>\n<p>Nous sommes une fintech n\u00e9e d&rsquo;une volont\u00e9 claire : offrir aux TPE la bo\u00eete \u00e0 outils financi\u00e8re qu&rsquo;elles m\u00e9ritent.<\/p>\n<p>Fini la complexit\u00e9 et les frais cach\u00e9s: Nous avons r\u00e9uni l&rsquo;essentiel dans une offre tout-en-un:<\/p>\n<ul>\n<li>Un compte pro avec carte de d\u00e9bit pour g\u00e9rer votre quotidien.<\/li>\n<li>Des solutions d&rsquo;encaissement modernes avec terminal de paiement pour ne jamais rater une vente.<\/li>\n<\/ul>\n<p>Notre promesse ? La libert\u00e9.<\/p>\n<p>Nos offres sont \u00e9conomiques, 100% sans engagement et con\u00e7ues pour \u00e9voluer au m\u00eame rythme que votre chiffre d&rsquo;affaires.\u00a0<\/p>\t\t\t\t\t\t\t\t<\/div>\n\t\t\t\t\t<\/div>\n\t\t\t\t<\/div>\n\t\t\t\t\t<\/div>\n\t\t\t\t<\/div>\n\t\t\t\t<\/div>\n\t\t","protected":false},"excerpt":{"rendered":"<p>La boite \u00e0 outils de l\u2019entrepreneur heureux \u00a0 \u00catre entrepreneur est une aventure passionnante, mais la gestion financi\u00e8re ne devrait jamais \u00eatre un frein \u00e0 votre enthousiasme. Chez Monefia, nous avons une conviction simple : un entrepreneur heureux est un entrepreneur libre de se concentrer sur son m\u00e9tier. Nous sommes une fintech n\u00e9e d&rsquo;une volont\u00e9 [&hellip;]<\/p>\n","protected":false},"author":1,"featured_media":0,"parent":0,"menu_order":13,"comment_status":"closed","ping_status":"closed","template":"","meta":{"_acf_changed":false,"_frontis_meta_header_display":false,"_frontis_meta_footer_display":false,"_frontis_meta_site_title_display":false,"_frontis_meta_sticky_header":false,"_frontis_meta_transparent_header":false,"_frontis_meta_lazy_load":false,"_frontis_meta_transparent_bg_color":"","_frontis_meta_sticky_bg_color":"","footnotes":""},"class_list":["post-678","page","type-page","status-publish","hentry"],"acf":[],"yoast_head":"<!-- This site is optimized with the Yoast SEO plugin v26.8 - https:\/\/yoast.com\/product\/yoast-seo-wordpress\/ -->\n<title>A propos de nous - Monefia<\/title>\n<meta name=\"robots\" content=\"index, follow, max-snippet:-1, max-image-preview:large, max-video-preview:-1\" \/>\n<link rel=\"canonical\" href=\"https:\/\/monefia.com\/fr\/a-propos-de-nous\/\" \/>\n<meta property=\"og:locale\" content=\"fr_FR\" \/>\n<meta property=\"og:type\" content=\"article\" \/>\n<meta property=\"og:title\" content=\"A propos de nous - Monefia\" \/>\n<meta property=\"og:description\" content=\"La boite \u00e0 outils de l\u2019entrepreneur heureux \u00a0 \u00catre entrepreneur est une aventure passionnante, mais la gestion financi\u00e8re ne devrait jamais \u00eatre un frein \u00e0 votre enthousiasme. Chez Monefia, nous avons une conviction simple : un entrepreneur heureux est un entrepreneur libre de se concentrer sur son m\u00e9tier. Nous sommes une fintech n\u00e9e d&rsquo;une volont\u00e9 [&hellip;]\" \/>\n<meta property=\"og:url\" content=\"https:\/\/monefia.com\/fr\/a-propos-de-nous\/\" \/>\n<meta property=\"og:site_name\" content=\"Monefia\" \/>\n<meta property=\"article:modified_time\" content=\"2026-02-09T14:02:27+00:00\" \/>\n<meta name=\"twitter:card\" content=\"summary_large_image\" \/>\n<meta name=\"twitter:label1\" content=\"Dur\u00e9e de lecture estim\u00e9e\" \/>\n\t<meta name=\"twitter:data1\" content=\"1 minute\" \/>\n<script type=\"application\/ld+json\" class=\"yoast-schema-graph\">{\"@context\":\"https:\/\/schema.org\",\"@graph\":[{\"@type\":\"WebPage\",\"@id\":\"https:\/\/monefia.com\/fr\/a-propos-de-nous\/\",\"url\":\"https:\/\/monefia.com\/fr\/a-propos-de-nous\/\",\"name\":\"A propos de nous - Monefia\",\"isPartOf\":{\"@id\":\"https:\/\/monefia.com\/fr\/#website\"},\"datePublished\":\"2025-11-03T15:51:09+00:00\",\"dateModified\":\"2026-02-09T14:02:27+00:00\",\"breadcrumb\":{\"@id\":\"https:\/\/monefia.com\/fr\/a-propos-de-nous\/#breadcrumb\"},\"inLanguage\":\"fr-FR\",\"potentialAction\":[{\"@type\":\"ReadAction\",\"target\":[\"https:\/\/monefia.com\/fr\/a-propos-de-nous\/\"]}]},{\"@type\":\"BreadcrumbList\",\"@id\":\"https:\/\/monefia.com\/fr\/a-propos-de-nous\/#breadcrumb\",\"itemListElement\":[{\"@type\":\"ListItem\",\"position\":1,\"name\":\"Accueil\",\"item\":\"https:\/\/monefia.com\/fr\/\"},{\"@type\":\"ListItem\",\"position\":2,\"name\":\"A propos de nous\"}]},{\"@type\":\"WebSite\",\"@id\":\"https:\/\/monefia.com\/fr\/#website\",\"url\":\"https:\/\/monefia.com\/fr\/\",\"name\":\"Monefia\",\"description\":\"G\u00e9rez, Encaissez, Progressez, sans frais cach\u00e9s\",\"publisher\":{\"@id\":\"https:\/\/monefia.com\/fr\/#organization\"},\"potentialAction\":[{\"@type\":\"SearchAction\",\"target\":{\"@type\":\"EntryPoint\",\"urlTemplate\":\"https:\/\/monefia.com\/fr\/?s={search_term_string}\"},\"query-input\":{\"@type\":\"PropertyValueSpecification\",\"valueRequired\":true,\"valueName\":\"search_term_string\"}}],\"inLanguage\":\"fr-FR\"},{\"@type\":\"Organization\",\"@id\":\"https:\/\/monefia.com\/fr\/#organization\",\"name\":\"Monefia\",\"url\":\"https:\/\/monefia.com\/fr\/\",\"logo\":{\"@type\":\"ImageObject\",\"inLanguage\":\"fr-FR\",\"@id\":\"https:\/\/monefia.com\/fr\/#\/schema\/logo\/image\/\",\"url\":\"https:\/\/monefia.com\/fr\/wp-content\/uploads\/2025\/10\/logo-monefia.png\",\"contentUrl\":\"https:\/\/monefia.com\/fr\/wp-content\/uploads\/2025\/10\/logo-monefia.png\",\"width\":325,\"height\":70,\"caption\":\"Monefia\"},\"image\":{\"@id\":\"https:\/\/monefia.com\/fr\/#\/schema\/logo\/image\/\"}}]}<\/script>\n<!-- \/ Yoast SEO plugin. -->","yoast_head_json":{"title":"A propos de nous - Monefia","robots":{"index":"index","follow":"follow","max-snippet":"max-snippet:-1","max-image-preview":"max-image-preview:large","max-video-preview":"max-video-preview:-1"},"canonical":"https:\/\/monefia.com\/fr\/a-propos-de-nous\/","og_locale":"fr_FR","og_type":"article","og_title":"A propos de nous - Monefia","og_description":"La boite \u00e0 outils de l\u2019entrepreneur heureux \u00a0 \u00catre entrepreneur est une aventure passionnante, mais la gestion financi\u00e8re ne devrait jamais \u00eatre un frein \u00e0 votre enthousiasme. Chez Monefia, nous avons une conviction simple : un entrepreneur heureux est un entrepreneur libre de se concentrer sur son m\u00e9tier. Nous sommes une fintech n\u00e9e d&rsquo;une volont\u00e9 [&hellip;]","og_url":"https:\/\/monefia.com\/fr\/a-propos-de-nous\/","og_site_name":"Monefia","article_modified_time":"2026-02-09T14:02:27+00:00","twitter_card":"summary_large_image","twitter_misc":{"Dur\u00e9e de lecture estim\u00e9e":"1 minute"},"schema":{"@context":"https:\/\/schema.org","@graph":[{"@type":"WebPage","@id":"https:\/\/monefia.com\/fr\/a-propos-de-nous\/","url":"https:\/\/monefia.com\/fr\/a-propos-de-nous\/","name":"A propos de nous - Monefia","isPartOf":{"@id":"https:\/\/monefia.com\/fr\/#website"},"datePublished":"2025-11-03T15:51:09+00:00","dateModified":"2026-02-09T14:02:27+00:00","breadcrumb":{"@id":"https:\/\/monefia.com\/fr\/a-propos-de-nous\/#breadcrumb"},"inLanguage":"fr-FR","potentialAction":[{"@type":"ReadAction","target":["https:\/\/monefia.com\/fr\/a-propos-de-nous\/"]}]},{"@type":"BreadcrumbList","@id":"https:\/\/monefia.com\/fr\/a-propos-de-nous\/#breadcrumb","itemListElement":[{"@type":"ListItem","position":1,"name":"Accueil","item":"https:\/\/monefia.com\/fr\/"},{"@type":"ListItem","position":2,"name":"A propos de nous"}]},{"@type":"WebSite","@id":"https:\/\/monefia.com\/fr\/#website","url":"https:\/\/monefia.com\/fr\/","name":"Monefia","description":"G\u00e9rez, Encaissez, Progressez, sans frais cach\u00e9s","publisher":{"@id":"https:\/\/monefia.com\/fr\/#organization"},"potentialAction":[{"@type":"SearchAction","target":{"@type":"EntryPoint","urlTemplate":"https:\/\/monefia.com\/fr\/?s={search_term_string}"},"query-input":{"@type":"PropertyValueSpecification","valueRequired":true,"valueName":"search_term_string"}}],"inLanguage":"fr-FR"},{"@type":"Organization","@id":"https:\/\/monefia.com\/fr\/#organization","name":"Monefia","url":"https:\/\/monefia.com\/fr\/","logo":{"@type":"ImageObject","inLanguage":"fr-FR","@id":"https:\/\/monefia.com\/fr\/#\/schema\/logo\/image\/","url":"https:\/\/monefia.com\/fr\/wp-content\/uploads\/2025\/10\/logo-monefia.png","contentUrl":"https:\/\/monefia.com\/fr\/wp-content\/uploads\/2025\/10\/logo-monefia.png","width":325,"height":70,"caption":"Monefia"},"image":{"@id":"https:\/\/monefia.com\/fr\/#\/schema\/logo\/image\/"}}]}},"fb_featured_image_src":{"full":false,"thumbnail":false,"medium":false,"medium_large":false,"large":false},"fb_author_info":{"name":"adswpmoneffr","avatar":"https:\/\/secure.gravatar.com\/avatar\/2edd1328819bc63f51c1a1312437949d679f921bcac8beca8c8aaf8d04ddc4b9?s=96&d=mm&r=g","bio":"","archive_url":"https:\/\/monefia.com\/fr\/author\/adswpmoneffr\/","email":"contact@monefia.com","latest_post_date":"28 Oct 2025"},"fb_category_info":[],"fb_post_tag_info":[],"fb_post_excerpt":"La boite \u00e0 outils de l\u2019entrepreneur heureux \u00a0 \u00catre entrepreneur est une aventure passionnante, mais la gestion financi\u00e8re ne devrait jamais \u00eatre un frein \u00e0 votre enthousiasme. Chez Monefia, nous avons une conviction simple : un entrepreneur heureux est un entrepreneur libre de se concentrer sur son m\u00e9tier. Nous sommes une fintech n\u00e9e d&rsquo;une volont\u00e9\u2026","_links":{"self":[{"href":"https:\/\/monefia.com\/fr\/wp-json\/wp\/v2\/pages\/678","targetHints":{"allow":["GET"]}}],"collection":[{"href":"https:\/\/monefia.com\/fr\/wp-json\/wp\/v2\/pages"}],"about":[{"href":"https:\/\/monefia.com\/fr\/wp-json\/wp\/v2\/types\/page"}],"author":[{"embeddable":true,"href":"https:\/\/monefia.com\/fr\/wp-json\/wp\/v2\/users\/1"}],"replies":[{"embeddable":true,"href":"https:\/\/monefia.com\/fr\/wp-json\/wp\/v2\/comments?post=678"}],"version-history":[{"count":12,"href":"https:\/\/monefia.com\/fr\/wp-json\/wp\/v2\/pages\/678\/revisions"}],"predecessor-version":[{"id":2365,"href":"https:\/\/monefia.com\/fr\/wp-json\/wp\/v2\/pages\/678\/revisions\/2365"}],"wp:attachment":[{"href":"https:\/\/monefia.com\/fr\/wp-json\/wp\/v2\/media?parent=678"}],"curies":[{"name":"wp","href":"https:\/\/api.w.org\/{rel}","templated":true}]}}