{"id":638,"date":"2025-11-03T14:54:38","date_gmt":"2025-11-03T13:54:38","guid":{"rendered":"https:\/\/monefia.com\/fr\/?page_id=638"},"modified":"2025-11-10T11:58:50","modified_gmt":"2025-11-10T10:58:50","slug":"tarifs","status":"publish","type":"page","link":"https:\/\/monefia.com\/fr\/tarifs\/","title":{"rendered":"Tarifs"},"content":{"rendered":"\r\n<div class=\"row\"><div class=\"col-md-12\"><div class=\"img-ac-b-6\">\r\n<div class=\"pad25\"><div class=\"row\">\r\n<div class=\"col-md-4\">\r\n\r\n<div><h2 class=\"white\">Nos tarifs<\/h2><\/div>\r\n<div class=\"white\" style=\"margin-bottom:250px;\"><\/div>\r\n<\/div>\r\n<\/div><\/div>\r\n<\/div><\/div><\/div>\r\n\r\n\r\n\r\n\r\n\r\n<div class=\"row justify-content-center mt-40\">\r\n<div class=\"col-md-4 mb-40\">\r\n<div><h2>Compte pro<\/h2><\/div>\r\n<div class=\"mt-10\" align=\"left\"><h1><strong>9<sup>\u20ac<\/sup><span style=\"font-size:16px;\">ht\/mois<\/span><\/strong><\/h1><\/div>\r\n<div><hr><\/div>\r\n<div><i class=\"fa-solid fa-check\"><\/i> 1 compte avec IBAN FR<\/div>\r\n<div><i class=\"fa-solid fa-check\"><\/i> 1 carte Pro VISA<\/div>\r\n<div><i class=\"fa-solid fa-check\"><\/i> 10 Virements SEPA inclus<\/div>\r\n<div><i class=\"fa-solid fa-check\"><\/i> Pr\u00e9l\u00e8vements SEPA illimit\u00e9s<\/div>\r\n<div><i class=\"fa-solid fa-check\"><\/i> Assistant IA pour vos d\u00e9penses<\/div>\r\n<div><i class=\"fa-solid fa-check\"><\/i> Utilisateurs illimit\u00e9s<\/div>\r\n<div><i class=\"fa-solid fa-check\"><\/i> Conseiller personnel<\/div>\r\n<div class=\"btbg\"><\/div>\r\n<div class=\"mb-20\">Services optionnels<\/div>\r\n<div class=\"txt-small\">Carte visa physique: 3\u20ac\/mois<\/div>\r\n<div class=\"txt-small\">Carte visa virtuelle: 1.5\u20ac\/mois<\/div>\r\n<div class=\"txt-small\">Virement SEPA au del\u00e0 de 10: 0,15\u20ac\/virement<\/div>\r\n<\/div>\r\n<div class=\"col-md-4 mb-40\">\r\n<div><h2>Encaissement CB<\/h2><\/div>\r\n<div class=\"mt-10\" align=\"left\"><h1><strong>7.99<sup>\u20ac<\/sup><span style=\"font-size:16px;\">ht\/mois<\/span><\/strong><\/h1><\/div>\r\n<div><hr><\/div>\r\n<div><i class=\"fa-solid fa-check\"><\/i> Encaissement CB\/Visa\/Mastercard<\/div>\r\n<div><i class=\"fa-solid fa-check\"><\/i> Reversement J+1 ouvr\u00e9<\/div>\r\n<div><i class=\"fa-solid fa-check\"><\/i> Mise \u00e0 disposition d&rsquo;un TPE N86<\/div>\r\n<div><i class=\"fa-solid fa-check\"><\/i> FR DEBT &#8211; IC++ 0,25%+0,05\u20ac<\/div>\r\n<div><i class=\"fa-solid fa-check\"><\/i> COMMERCIAL &#8211; IC++ 0,6%+0,05\u20ac<\/div>\r\n<div><i class=\"fa-solid fa-check\"><\/i> COMMERCIAL\/HORS EUROPE &#8211; IC++ 0,75%+0,05\u20ac<\/div>\r\n<div><i class=\"fa-solid fa-check\"><\/i> Support technique 7j\/7<\/div>\r\n<div class=\"btbg\"><\/div>\r\n<div class=\"mb-20\">Services optionnels<\/div>\r\n<div class=\"txt-small\">Blocage des frais \u00e0 0,15\u20ac max (Hors IC): 9,99\u20ac\/mois<\/div>\r\n<div class=\"txt-small\">Caution par TPE: 299\u20ac ht<\/div>\r\n\r\n<\/div>\r\n<div class=\"col-md-4 mb-40\">\r\n<div><h2>Solution E-commerce<\/h2><\/div>\r\n<div class=\"mt-10\" align=\"left\"><h1><strong>29<sup>\u20ac<\/sup><span style=\"font-size:16px;\">ht\/mois<\/span><\/strong><\/h1><\/div>\r\n<div><hr><\/div>\r\n<div><i class=\"fa-solid fa-check\"><\/i> 1 Nom de domaine en .fr ou .com<\/div>\r\n<div><i class=\"fa-solid fa-check\"><\/i> Articles illimit\u00e9s<\/div>\r\n<div><i class=\"fa-solid fa-check\"><\/i> Cat\u00e9gories illimit\u00e9es<\/div>\r\n<div><i class=\"fa-solid fa-check\"><\/i> Module Click&#038;Collect<\/div>\r\n<div><i class=\"fa-solid fa-check\"><\/i> Module livraison coursier<\/div>\r\n<div><i class=\"fa-solid fa-check\"><\/i> H\u00e9bergement cloud<\/div>\r\n<div><i class=\"fa-solid fa-check\"><\/i> Disponibilit\u00e9 99,9%<\/div>\r\n<div class=\"btbg\"><\/div>\r\n<div class=\"mb-20\">Services optionnels<\/div>\r\n<div class=\"txt-small\">Encaissement CB au tarif TPE Pro<\/div>\r\n<\/div>\r\n<\/div>\r\n","protected":false},"excerpt":{"rendered":"<p>Nos tarifs Compte pro 9\u20acht\/mois 1 compte avec IBAN FR 1 carte Pro VISA 10 Virements SEPA inclus Pr\u00e9l\u00e8vements SEPA illimit\u00e9s Assistant IA pour vos d\u00e9penses Utilisateurs illimit\u00e9s Conseiller personnel Services optionnels Carte visa physique: 3\u20ac\/mois Carte visa virtuelle: 1.5\u20ac\/mois Virement SEPA au del\u00e0 de 10: 0,15\u20ac\/virement Encaissement CB 7.99\u20acht\/mois Encaissement CB\/Visa\/Mastercard Reversement J+1 ouvr\u00e9 [&hellip;]<\/p>\n","protected":false},"author":1,"featured_media":0,"parent":0,"menu_order":39,"comment_status":"closed","ping_status":"closed","template":"template-page-no-title","meta":{"_acf_changed":false,"_frontis_meta_header_display":false,"_frontis_meta_footer_display":false,"_frontis_meta_site_title_display":false,"_frontis_meta_sticky_header":false,"_frontis_meta_transparent_header":false,"_frontis_meta_lazy_load":false,"_frontis_meta_transparent_bg_color":"","_frontis_meta_sticky_bg_color":"","footnotes":""},"class_list":["post-638","page","type-page","status-publish","hentry"],"acf":[],"yoast_head":"<!-- This site is optimized with the Yoast SEO plugin v26.8 - https:\/\/yoast.com\/product\/yoast-seo-wordpress\/ -->\n<title>Tarifs - Monefia<\/title>\n<meta name=\"robots\" content=\"index, follow, max-snippet:-1, max-image-preview:large, max-video-preview:-1\" \/>\n<link rel=\"canonical\" href=\"https:\/\/monefia.com\/fr\/tarifs\/\" \/>\n<meta property=\"og:locale\" content=\"fr_FR\" \/>\n<meta property=\"og:type\" content=\"article\" \/>\n<meta property=\"og:title\" content=\"Tarifs - Monefia\" \/>\n<meta property=\"og:description\" content=\"Nos tarifs Compte pro 9\u20acht\/mois 1 compte avec IBAN FR 1 carte Pro VISA 10 Virements SEPA inclus Pr\u00e9l\u00e8vements SEPA illimit\u00e9s Assistant IA pour vos d\u00e9penses Utilisateurs illimit\u00e9s Conseiller personnel Services optionnels Carte visa physique: 3\u20ac\/mois Carte visa virtuelle: 1.5\u20ac\/mois Virement SEPA au del\u00e0 de 10: 0,15\u20ac\/virement Encaissement CB 7.99\u20acht\/mois Encaissement CB\/Visa\/Mastercard Reversement J+1 ouvr\u00e9 [&hellip;]\" \/>\n<meta property=\"og:url\" content=\"https:\/\/monefia.com\/fr\/tarifs\/\" \/>\n<meta property=\"og:site_name\" content=\"Monefia\" \/>\n<meta property=\"article:modified_time\" content=\"2025-11-10T10:58:50+00:00\" \/>\n<meta name=\"twitter:card\" content=\"summary_large_image\" \/>\n<meta name=\"twitter:label1\" content=\"Dur\u00e9e de lecture estim\u00e9e\" \/>\n\t<meta name=\"twitter:data1\" content=\"1 minute\" \/>\n<script type=\"application\/ld+json\" class=\"yoast-schema-graph\">{\"@context\":\"https:\/\/schema.org\",\"@graph\":[{\"@type\":\"WebPage\",\"@id\":\"https:\/\/monefia.com\/fr\/tarifs\/\",\"url\":\"https:\/\/monefia.com\/fr\/tarifs\/\",\"name\":\"Tarifs - Monefia\",\"isPartOf\":{\"@id\":\"https:\/\/monefia.com\/fr\/#website\"},\"datePublished\":\"2025-11-03T13:54:38+00:00\",\"dateModified\":\"2025-11-10T10:58:50+00:00\",\"breadcrumb\":{\"@id\":\"https:\/\/monefia.com\/fr\/tarifs\/#breadcrumb\"},\"inLanguage\":\"fr-FR\",\"potentialAction\":[{\"@type\":\"ReadAction\",\"target\":[\"https:\/\/monefia.com\/fr\/tarifs\/\"]}]},{\"@type\":\"BreadcrumbList\",\"@id\":\"https:\/\/monefia.com\/fr\/tarifs\/#breadcrumb\",\"itemListElement\":[{\"@type\":\"ListItem\",\"position\":1,\"name\":\"Accueil\",\"item\":\"https:\/\/monefia.com\/fr\/\"},{\"@type\":\"ListItem\",\"position\":2,\"name\":\"Tarifs\"}]},{\"@type\":\"WebSite\",\"@id\":\"https:\/\/monefia.com\/fr\/#website\",\"url\":\"https:\/\/monefia.com\/fr\/\",\"name\":\"Monefia\",\"description\":\"G\u00e9rez, Encaissez, Progressez, sans frais cach\u00e9s\",\"publisher\":{\"@id\":\"https:\/\/monefia.com\/fr\/#organization\"},\"potentialAction\":[{\"@type\":\"SearchAction\",\"target\":{\"@type\":\"EntryPoint\",\"urlTemplate\":\"https:\/\/monefia.com\/fr\/?s={search_term_string}\"},\"query-input\":{\"@type\":\"PropertyValueSpecification\",\"valueRequired\":true,\"valueName\":\"search_term_string\"}}],\"inLanguage\":\"fr-FR\"},{\"@type\":\"Organization\",\"@id\":\"https:\/\/monefia.com\/fr\/#organization\",\"name\":\"Monefia\",\"url\":\"https:\/\/monefia.com\/fr\/\",\"logo\":{\"@type\":\"ImageObject\",\"inLanguage\":\"fr-FR\",\"@id\":\"https:\/\/monefia.com\/fr\/#\/schema\/logo\/image\/\",\"url\":\"https:\/\/monefia.com\/fr\/wp-content\/uploads\/2025\/10\/logo-monefia.png\",\"contentUrl\":\"https:\/\/monefia.com\/fr\/wp-content\/uploads\/2025\/10\/logo-monefia.png\",\"width\":325,\"height\":70,\"caption\":\"Monefia\"},\"image\":{\"@id\":\"https:\/\/monefia.com\/fr\/#\/schema\/logo\/image\/\"}}]}<\/script>\n<!-- \/ Yoast SEO plugin. -->","yoast_head_json":{"title":"Tarifs - Monefia","robots":{"index":"index","follow":"follow","max-snippet":"max-snippet:-1","max-image-preview":"max-image-preview:large","max-video-preview":"max-video-preview:-1"},"canonical":"https:\/\/monefia.com\/fr\/tarifs\/","og_locale":"fr_FR","og_type":"article","og_title":"Tarifs - Monefia","og_description":"Nos tarifs Compte pro 9\u20acht\/mois 1 compte avec IBAN FR 1 carte Pro VISA 10 Virements SEPA inclus Pr\u00e9l\u00e8vements SEPA illimit\u00e9s Assistant IA pour vos d\u00e9penses Utilisateurs illimit\u00e9s Conseiller personnel Services optionnels Carte visa physique: 3\u20ac\/mois Carte visa virtuelle: 1.5\u20ac\/mois Virement SEPA au del\u00e0 de 10: 0,15\u20ac\/virement Encaissement CB 7.99\u20acht\/mois Encaissement CB\/Visa\/Mastercard Reversement J+1 ouvr\u00e9 [&hellip;]","og_url":"https:\/\/monefia.com\/fr\/tarifs\/","og_site_name":"Monefia","article_modified_time":"2025-11-10T10:58:50+00:00","twitter_card":"summary_large_image","twitter_misc":{"Dur\u00e9e de lecture estim\u00e9e":"1 minute"},"schema":{"@context":"https:\/\/schema.org","@graph":[{"@type":"WebPage","@id":"https:\/\/monefia.com\/fr\/tarifs\/","url":"https:\/\/monefia.com\/fr\/tarifs\/","name":"Tarifs - Monefia","isPartOf":{"@id":"https:\/\/monefia.com\/fr\/#website"},"datePublished":"2025-11-03T13:54:38+00:00","dateModified":"2025-11-10T10:58:50+00:00","breadcrumb":{"@id":"https:\/\/monefia.com\/fr\/tarifs\/#breadcrumb"},"inLanguage":"fr-FR","potentialAction":[{"@type":"ReadAction","target":["https:\/\/monefia.com\/fr\/tarifs\/"]}]},{"@type":"BreadcrumbList","@id":"https:\/\/monefia.com\/fr\/tarifs\/#breadcrumb","itemListElement":[{"@type":"ListItem","position":1,"name":"Accueil","item":"https:\/\/monefia.com\/fr\/"},{"@type":"ListItem","position":2,"name":"Tarifs"}]},{"@type":"WebSite","@id":"https:\/\/monefia.com\/fr\/#website","url":"https:\/\/monefia.com\/fr\/","name":"Monefia","description":"G\u00e9rez, Encaissez, Progressez, sans frais cach\u00e9s","publisher":{"@id":"https:\/\/monefia.com\/fr\/#organization"},"potentialAction":[{"@type":"SearchAction","target":{"@type":"EntryPoint","urlTemplate":"https:\/\/monefia.com\/fr\/?s={search_term_string}"},"query-input":{"@type":"PropertyValueSpecification","valueRequired":true,"valueName":"search_term_string"}}],"inLanguage":"fr-FR"},{"@type":"Organization","@id":"https:\/\/monefia.com\/fr\/#organization","name":"Monefia","url":"https:\/\/monefia.com\/fr\/","logo":{"@type":"ImageObject","inLanguage":"fr-FR","@id":"https:\/\/monefia.com\/fr\/#\/schema\/logo\/image\/","url":"https:\/\/monefia.com\/fr\/wp-content\/uploads\/2025\/10\/logo-monefia.png","contentUrl":"https:\/\/monefia.com\/fr\/wp-content\/uploads\/2025\/10\/logo-monefia.png","width":325,"height":70,"caption":"Monefia"},"image":{"@id":"https:\/\/monefia.com\/fr\/#\/schema\/logo\/image\/"}}]}},"fb_featured_image_src":{"full":false,"thumbnail":false,"medium":false,"medium_large":false,"large":false},"fb_author_info":{"name":"adswpmoneffr","avatar":"https:\/\/secure.gravatar.com\/avatar\/2edd1328819bc63f51c1a1312437949d679f921bcac8beca8c8aaf8d04ddc4b9?s=96&d=mm&r=g","bio":"","archive_url":"https:\/\/monefia.com\/fr\/author\/adswpmoneffr\/","email":"contact@monefia.com","latest_post_date":"28 Oct 2025"},"fb_category_info":[],"fb_post_tag_info":[],"fb_post_excerpt":"Nos tarifs Compte pro 9\u20acht\/mois 1 compte avec IBAN FR 1 carte Pro VISA 10 Virements SEPA inclus Pr\u00e9l\u00e8vements SEPA illimit\u00e9s Assistant IA pour vos d\u00e9penses Utilisateurs illimit\u00e9s Conseiller personnel Services optionnels Carte visa physique: 3\u20ac\/mois Carte visa virtuelle: 1.5\u20ac\/mois Virement SEPA au del\u00e0 de 10: 0,15\u20ac\/virement Encaissement CB 7.99\u20acht\/mois Encaissement CB\/Visa\/Mastercard Reversement J+1 ouvr\u00e9\u2026","_links":{"self":[{"href":"https:\/\/monefia.com\/fr\/wp-json\/wp\/v2\/pages\/638","targetHints":{"allow":["GET"]}}],"collection":[{"href":"https:\/\/monefia.com\/fr\/wp-json\/wp\/v2\/pages"}],"about":[{"href":"https:\/\/monefia.com\/fr\/wp-json\/wp\/v2\/types\/page"}],"author":[{"embeddable":true,"href":"https:\/\/monefia.com\/fr\/wp-json\/wp\/v2\/users\/1"}],"replies":[{"embeddable":true,"href":"https:\/\/monefia.com\/fr\/wp-json\/wp\/v2\/comments?post=638"}],"version-history":[{"count":60,"href":"https:\/\/monefia.com\/fr\/wp-json\/wp\/v2\/pages\/638\/revisions"}],"predecessor-version":[{"id":1439,"href":"https:\/\/monefia.com\/fr\/wp-json\/wp\/v2\/pages\/638\/revisions\/1439"}],"wp:attachment":[{"href":"https:\/\/monefia.com\/fr\/wp-json\/wp\/v2\/media?parent=638"}],"curies":[{"name":"wp","href":"https:\/\/api.w.org\/{rel}","templated":true}]}}