{"id":621,"date":"2025-11-03T14:26:50","date_gmt":"2025-11-03T13:26:50","guid":{"rendered":"https:\/\/monefia.com\/fr\/?page_id=621"},"modified":"2025-11-04T18:16:19","modified_gmt":"2025-11-04T17:16:19","slug":"virement-sepa","status":"publish","type":"page","link":"https:\/\/monefia.com\/fr\/virement-sepa\/","title":{"rendered":"Virement SEPA"},"content":{"rendered":"\n<div class=\"row\"><div class=\"col-md-12\"><div class=\"img-ac-b-5\">\n<div class=\"pad25\"><div class=\"row\">\n<div class=\"col-md-4\">\n\n<div><h2 class=\"white\">Vos d\u00e9penses du quotidien en toute simplicit\u00e9<\/h2><\/div>\n<div class=\"white\">Payez vos fournisseurs en quelques clics, approuvez les pr\u00e9l\u00e8vement recurrents<\/div>\n<div class=\"btn-banner\"><a href=\"\/fr\/ouverture-compte-pro\/\" class=\"btn-link-banner-s\">Ouvrir mon compte<\/a><\/div>\n<\/div>\n<\/div><\/div>\n<\/div><\/div><\/div>\n\n\n\n<div class=\"row mt-70\"><div class=\"col-md-10 offset-md-1\"><div align=\"center\"><h1>R\u00e9glez vos factures \u00e0 temps<\/h1><\/div><\/div><\/div>\n<div align=\"center\" class=\"mt-40\">\n<\/div>\n\n\n\n<div class=\"row mt-40\">\n<div class=\"col-md-10 offset-md-1\">\n<div class=\"row align-items-center\">\n<div class=\"col-md-6\"><div align=\"center\" class=\"card-3\"><img decoding=\"async\" src=\"\/fr\/wp-content\/uploads\/2025\/11\/monefia-paiement-facture.png\" class=\"img-fluid\"><\/div><\/div>\n<div class=\"col-md-6\">\n<div><h3>Plus aucun paiement en retard<\/h3>\n<div class=\"mt-40\"><ul class=\"ul-nolist\">\n<li>Synchronisation des factures fournisseur<\/li>\n<li>Rappel automatique des \u00e9ch\u00e9ances<\/li>\n<li>Paiement en clic<\/li>\n<li><\/li>\n<\/ul><\/div>\n<\/div>\n<\/div>\n<\/div>\n<\/div>\n<\/div>\n\n\n\n<div class=\"row mt-70\"><div class=\"col-md-10 offset-md-1\"><div align=\"center\"><h1>Contr\u00f4le automatique des pr\u00e9l\u00e8vements<\/h1><\/div><\/div><\/div>\n<div align=\"center\" class=\"mt-40\">\n<\/div>\n\n\n\n<div class=\"row mt-40\">\n<div class=\"col-md-10 offset-md-1\">\n<div class=\"row align-items-center\">\n\n<div class=\"col-md-6\">\n<div><h3>Surveillez votre tr\u00e9sorerie<\/h3>\n<div class=\"mt-40\"><ul class=\"ul-nolist\">\n<li>Suivi des pr\u00e9l\u00e8vements avec approbation<\/li>\n<li>Contr\u00f4le avec alerte des pr\u00e9l\u00e8vements<\/li>\n<li>Blocage des cr\u00e9anciers en un clic<\/li>\n<li><\/li>\n<\/ul><\/div>\n<\/div>\n<\/div>\n<div class=\"col-md-6\"><div align=\"center\" class=\"card-3\"><img decoding=\"async\" src=\"\/fr\/wp-content\/uploads\/2025\/11\/monefia-prelevement-sepa.png\" class=\"img-fluid\"><\/div><\/div>\n<\/div>\n<\/div>\n<\/div>\n","protected":false},"excerpt":{"rendered":"<p>Vos d\u00e9penses du quotidien en toute simplicit\u00e9 Payez vos fournisseurs en quelques clics, approuvez les pr\u00e9l\u00e8vement recurrents Ouvrir mon compte R\u00e9glez vos factures \u00e0 temps Plus aucun paiement en retard Synchronisation des factures fournisseur Rappel automatique des \u00e9ch\u00e9ances Paiement en clic Contr\u00f4le automatique des pr\u00e9l\u00e8vements Surveillez votre tr\u00e9sorerie Suivi des pr\u00e9l\u00e8vements avec approbation Contr\u00f4le avec [&hellip;]<\/p>\n","protected":false},"author":1,"featured_media":0,"parent":0,"menu_order":47,"comment_status":"closed","ping_status":"closed","template":"template-page-no-title","meta":{"_acf_changed":false,"_frontis_meta_header_display":false,"_frontis_meta_footer_display":false,"_frontis_meta_site_title_display":false,"_frontis_meta_sticky_header":false,"_frontis_meta_transparent_header":false,"_frontis_meta_lazy_load":false,"_frontis_meta_transparent_bg_color":"","_frontis_meta_sticky_bg_color":"","footnotes":""},"class_list":["post-621","page","type-page","status-publish","hentry"],"acf":[],"yoast_head":"<!-- This site is optimized with the Yoast SEO plugin v26.8 - https:\/\/yoast.com\/product\/yoast-seo-wordpress\/ -->\n<title>Virement SEPA - Monefia<\/title>\n<meta name=\"robots\" content=\"index, follow, max-snippet:-1, max-image-preview:large, max-video-preview:-1\" \/>\n<link rel=\"canonical\" href=\"https:\/\/monefia.com\/fr\/virement-sepa\/\" \/>\n<meta property=\"og:locale\" content=\"fr_FR\" \/>\n<meta property=\"og:type\" content=\"article\" \/>\n<meta property=\"og:title\" content=\"Virement SEPA - Monefia\" \/>\n<meta property=\"og:description\" content=\"Vos d\u00e9penses du quotidien en toute simplicit\u00e9 Payez vos fournisseurs en quelques clics, approuvez les pr\u00e9l\u00e8vement recurrents Ouvrir mon compte R\u00e9glez vos factures \u00e0 temps Plus aucun paiement en retard Synchronisation des factures fournisseur Rappel automatique des \u00e9ch\u00e9ances Paiement en clic Contr\u00f4le automatique des pr\u00e9l\u00e8vements Surveillez votre tr\u00e9sorerie Suivi des pr\u00e9l\u00e8vements avec approbation Contr\u00f4le avec [&hellip;]\" \/>\n<meta property=\"og:url\" content=\"https:\/\/monefia.com\/fr\/virement-sepa\/\" \/>\n<meta property=\"og:site_name\" content=\"Monefia\" \/>\n<meta property=\"article:modified_time\" content=\"2025-11-04T17:16:19+00:00\" \/>\n<meta name=\"twitter:card\" content=\"summary_large_image\" \/>\n<meta name=\"twitter:label1\" content=\"Dur\u00e9e de lecture estim\u00e9e\" \/>\n\t<meta name=\"twitter:data1\" content=\"1 minute\" \/>\n<script type=\"application\/ld+json\" class=\"yoast-schema-graph\">{\"@context\":\"https:\/\/schema.org\",\"@graph\":[{\"@type\":\"WebPage\",\"@id\":\"https:\/\/monefia.com\/fr\/virement-sepa\/\",\"url\":\"https:\/\/monefia.com\/fr\/virement-sepa\/\",\"name\":\"Virement SEPA - Monefia\",\"isPartOf\":{\"@id\":\"https:\/\/monefia.com\/fr\/#website\"},\"datePublished\":\"2025-11-03T13:26:50+00:00\",\"dateModified\":\"2025-11-04T17:16:19+00:00\",\"breadcrumb\":{\"@id\":\"https:\/\/monefia.com\/fr\/virement-sepa\/#breadcrumb\"},\"inLanguage\":\"fr-FR\",\"potentialAction\":[{\"@type\":\"ReadAction\",\"target\":[\"https:\/\/monefia.com\/fr\/virement-sepa\/\"]}]},{\"@type\":\"BreadcrumbList\",\"@id\":\"https:\/\/monefia.com\/fr\/virement-sepa\/#breadcrumb\",\"itemListElement\":[{\"@type\":\"ListItem\",\"position\":1,\"name\":\"Accueil\",\"item\":\"https:\/\/monefia.com\/fr\/\"},{\"@type\":\"ListItem\",\"position\":2,\"name\":\"Virement SEPA\"}]},{\"@type\":\"WebSite\",\"@id\":\"https:\/\/monefia.com\/fr\/#website\",\"url\":\"https:\/\/monefia.com\/fr\/\",\"name\":\"Monefia\",\"description\":\"G\u00e9rez, Encaissez, Progressez, sans frais cach\u00e9s\",\"publisher\":{\"@id\":\"https:\/\/monefia.com\/fr\/#organization\"},\"potentialAction\":[{\"@type\":\"SearchAction\",\"target\":{\"@type\":\"EntryPoint\",\"urlTemplate\":\"https:\/\/monefia.com\/fr\/?s={search_term_string}\"},\"query-input\":{\"@type\":\"PropertyValueSpecification\",\"valueRequired\":true,\"valueName\":\"search_term_string\"}}],\"inLanguage\":\"fr-FR\"},{\"@type\":\"Organization\",\"@id\":\"https:\/\/monefia.com\/fr\/#organization\",\"name\":\"Monefia\",\"url\":\"https:\/\/monefia.com\/fr\/\",\"logo\":{\"@type\":\"ImageObject\",\"inLanguage\":\"fr-FR\",\"@id\":\"https:\/\/monefia.com\/fr\/#\/schema\/logo\/image\/\",\"url\":\"https:\/\/monefia.com\/fr\/wp-content\/uploads\/2025\/10\/logo-monefia.png\",\"contentUrl\":\"https:\/\/monefia.com\/fr\/wp-content\/uploads\/2025\/10\/logo-monefia.png\",\"width\":325,\"height\":70,\"caption\":\"Monefia\"},\"image\":{\"@id\":\"https:\/\/monefia.com\/fr\/#\/schema\/logo\/image\/\"}}]}<\/script>\n<!-- \/ Yoast SEO plugin. -->","yoast_head_json":{"title":"Virement SEPA - Monefia","robots":{"index":"index","follow":"follow","max-snippet":"max-snippet:-1","max-image-preview":"max-image-preview:large","max-video-preview":"max-video-preview:-1"},"canonical":"https:\/\/monefia.com\/fr\/virement-sepa\/","og_locale":"fr_FR","og_type":"article","og_title":"Virement SEPA - Monefia","og_description":"Vos d\u00e9penses du quotidien en toute simplicit\u00e9 Payez vos fournisseurs en quelques clics, approuvez les pr\u00e9l\u00e8vement recurrents Ouvrir mon compte R\u00e9glez vos factures \u00e0 temps Plus aucun paiement en retard Synchronisation des factures fournisseur Rappel automatique des \u00e9ch\u00e9ances Paiement en clic Contr\u00f4le automatique des pr\u00e9l\u00e8vements Surveillez votre tr\u00e9sorerie Suivi des pr\u00e9l\u00e8vements avec approbation Contr\u00f4le avec [&hellip;]","og_url":"https:\/\/monefia.com\/fr\/virement-sepa\/","og_site_name":"Monefia","article_modified_time":"2025-11-04T17:16:19+00:00","twitter_card":"summary_large_image","twitter_misc":{"Dur\u00e9e de lecture estim\u00e9e":"1 minute"},"schema":{"@context":"https:\/\/schema.org","@graph":[{"@type":"WebPage","@id":"https:\/\/monefia.com\/fr\/virement-sepa\/","url":"https:\/\/monefia.com\/fr\/virement-sepa\/","name":"Virement SEPA - Monefia","isPartOf":{"@id":"https:\/\/monefia.com\/fr\/#website"},"datePublished":"2025-11-03T13:26:50+00:00","dateModified":"2025-11-04T17:16:19+00:00","breadcrumb":{"@id":"https:\/\/monefia.com\/fr\/virement-sepa\/#breadcrumb"},"inLanguage":"fr-FR","potentialAction":[{"@type":"ReadAction","target":["https:\/\/monefia.com\/fr\/virement-sepa\/"]}]},{"@type":"BreadcrumbList","@id":"https:\/\/monefia.com\/fr\/virement-sepa\/#breadcrumb","itemListElement":[{"@type":"ListItem","position":1,"name":"Accueil","item":"https:\/\/monefia.com\/fr\/"},{"@type":"ListItem","position":2,"name":"Virement SEPA"}]},{"@type":"WebSite","@id":"https:\/\/monefia.com\/fr\/#website","url":"https:\/\/monefia.com\/fr\/","name":"Monefia","description":"G\u00e9rez, Encaissez, Progressez, sans frais cach\u00e9s","publisher":{"@id":"https:\/\/monefia.com\/fr\/#organization"},"potentialAction":[{"@type":"SearchAction","target":{"@type":"EntryPoint","urlTemplate":"https:\/\/monefia.com\/fr\/?s={search_term_string}"},"query-input":{"@type":"PropertyValueSpecification","valueRequired":true,"valueName":"search_term_string"}}],"inLanguage":"fr-FR"},{"@type":"Organization","@id":"https:\/\/monefia.com\/fr\/#organization","name":"Monefia","url":"https:\/\/monefia.com\/fr\/","logo":{"@type":"ImageObject","inLanguage":"fr-FR","@id":"https:\/\/monefia.com\/fr\/#\/schema\/logo\/image\/","url":"https:\/\/monefia.com\/fr\/wp-content\/uploads\/2025\/10\/logo-monefia.png","contentUrl":"https:\/\/monefia.com\/fr\/wp-content\/uploads\/2025\/10\/logo-monefia.png","width":325,"height":70,"caption":"Monefia"},"image":{"@id":"https:\/\/monefia.com\/fr\/#\/schema\/logo\/image\/"}}]}},"fb_featured_image_src":{"full":false,"thumbnail":false,"medium":false,"medium_large":false,"large":false},"fb_author_info":{"name":"adswpmoneffr","avatar":"https:\/\/secure.gravatar.com\/avatar\/2edd1328819bc63f51c1a1312437949d679f921bcac8beca8c8aaf8d04ddc4b9?s=96&d=mm&r=g","bio":"","archive_url":"https:\/\/monefia.com\/fr\/author\/adswpmoneffr\/","email":"contact@monefia.com","latest_post_date":"28 Oct 2025"},"fb_category_info":[],"fb_post_tag_info":[],"fb_post_excerpt":"Vos d\u00e9penses du quotidien en toute simplicit\u00e9 Payez vos fournisseurs en quelques clics, approuvez les pr\u00e9l\u00e8vement recurrents Ouvrir mon compte R\u00e9glez vos factures \u00e0 temps Plus aucun paiement en retard Synchronisation des factures fournisseur Rappel automatique des \u00e9ch\u00e9ances Paiement en clic Contr\u00f4le automatique des pr\u00e9l\u00e8vements Surveillez votre tr\u00e9sorerie Suivi des pr\u00e9l\u00e8vements avec approbation Contr\u00f4le avec\u2026","_links":{"self":[{"href":"https:\/\/monefia.com\/fr\/wp-json\/wp\/v2\/pages\/621","targetHints":{"allow":["GET"]}}],"collection":[{"href":"https:\/\/monefia.com\/fr\/wp-json\/wp\/v2\/pages"}],"about":[{"href":"https:\/\/monefia.com\/fr\/wp-json\/wp\/v2\/types\/page"}],"author":[{"embeddable":true,"href":"https:\/\/monefia.com\/fr\/wp-json\/wp\/v2\/users\/1"}],"replies":[{"embeddable":true,"href":"https:\/\/monefia.com\/fr\/wp-json\/wp\/v2\/comments?post=621"}],"version-history":[{"count":32,"href":"https:\/\/monefia.com\/fr\/wp-json\/wp\/v2\/pages\/621\/revisions"}],"predecessor-version":[{"id":1666,"href":"https:\/\/monefia.com\/fr\/wp-json\/wp\/v2\/pages\/621\/revisions\/1666"}],"wp:attachment":[{"href":"https:\/\/monefia.com\/fr\/wp-json\/wp\/v2\/media?parent=621"}],"curies":[{"name":"wp","href":"https:\/\/api.w.org\/{rel}","templated":true}]}}