{"id":618,"date":"2025-11-03T14:26:20","date_gmt":"2025-11-03T13:26:20","guid":{"rendered":"https:\/\/monefia.com\/fr\/?page_id=618"},"modified":"2025-11-04T15:52:36","modified_gmt":"2025-11-04T14:52:36","slug":"carte-bancaire","status":"publish","type":"page","link":"https:\/\/monefia.com\/fr\/carte-bancaire\/","title":{"rendered":"Carte bancaire"},"content":{"rendered":"\n<div class=\"row\"><div class=\"col-md-12\"><div class=\"img-ac-b-5\">\n<div class=\"pad25\"><div class=\"row\">\n<div class=\"col-md-4\">\n\n<div><h2 class=\"white\">La carte qui s&rsquo;adapte \u00e0 vos besoins, pas l&rsquo;inverse<\/h2><\/div>\n<div class=\"white\">Cr\u00e9ez, modifiez en temps r\u00e9el vos cartes pro physiques ou virtuelles. Ajustez les fonctions et plafonds depuis votre application<\/div>\n<div class=\"btn-banner\"><a href=\"\/fr\/ouverture-compte-pro\/\" class=\"btn-link-banner-s\">Ouvrir mon compte<\/a><\/div>\n<\/div>\n<\/div><\/div>\n<\/div><\/div><\/div>\n\n\n\n<div class=\"row mt-70\"><div class=\"col-md-10 offset-md-1\"><div align=\"center\"><h1>Vous \u00eates le seul pilote \u00e0 bord<\/h1><\/div><\/div><\/div>\n<div align=\"center\" class=\"mt-40\">\n\n<span class=\"has-text-align-center has-border-color has-primary-800-border-color has-base-color has-text-color has-link-color has-p-1-font-size wp-elements-edf382bc00c2352c529282ec0dafa734\" style=\"border-width:1px;border-radius:100px;padding-top:var(--wp--preset--spacing--spacing-8);padding-right:var(--wp--preset--spacing--spacing-16);padding-bottom:var(--wp--preset--spacing--spacing-8);padding-left:var(--wp--preset--spacing--spacing-16);font-style:normal;font-weight:500\">Param\u00e9trez vos besoins<\/span>\n\n\n<\/div>\n\n\n\n<div class=\"row mt-40\">\n\n<div class=\"col-md-4\"><div class=\"card-2\"><div class=\"pad15\">\n<div class=\"card-2-title\">Fonctionnalit\u00e9s<\/div>\n<div class=\"row mt-20\">\n<div class=\"col-md-4\"><img decoding=\"async\" src=\"\/fr\/wp-content\/uploads\/2025\/11\/monefia-personalisation-fonctions-carte-pro.png\" class=\"img-fluid\"><\/div>\n<div class=\"col-md-8\"><div class=\"white\"><ul class=\"ul-nolist\"><li>Paiement en ligne<\/li><li>Paiement sans contact<\/li><li>Paiement \u00e0 distance<\/li><li>Retrait esp\u00e8ces<\/li><\/ul><\/div><\/div>\n<\/div>\n<\/div><\/div><\/div>\n\n<div class=\"col-md-4\"><div class=\"card-2\"><div class=\"pad15\">\n<div class=\"card-2-title\">Capacit\u00e9s de d\u00e9pense<\/div>\n<div class=\"row mt-20\">\n<div class=\"col-md-4\"><img decoding=\"async\" src=\"\/fr\/wp-content\/uploads\/2025\/11\/monefia-personalisation-depenses.png\" class=\"img-fluid\"><\/div>\n<div class=\"col-md-8\"><div class=\"white\"><ul class=\"ul-nolist\"><li>Capacit\u00e9s de paiement<\/li><li>Type de d\u00e9penses<\/li><li>Verrouillage de la carte<\/li><\/ul><\/div><\/div>\n<\/div>\n<\/div><\/div><\/div>\n\n\n<div class=\"col-md-4\"><div class=\"card-2\"><div class=\"pad15\">\n<div class=\"card-2-title\">Cr\u00e9ation carte<\/div>\n<div class=\"row mt-20\">\n<div class=\"col-md-4\"><img decoding=\"async\" src=\"\/fr\/wp-content\/uploads\/2025\/11\/monefia-creation-carte-pro.png\" class=\"img-fluid\"><\/div>\n<div class=\"col-md-8\"><div class=\"white\"><ul class=\"ul-nolist\"><li>Carte Physique<\/li><li>Carte Virtuelle<\/li><li>1 carte pour chaque employ\u00e9<\/li><\/ul><\/div><\/div>\n<\/div>\n<\/div><\/div><\/div>\n\n\n<\/div>\n\n\n\n<div class=\"row mt-70\"><div class=\"col-md-10 offset-md-1\"><div align=\"center\"><h1>Vous \u00eates entre de bonnes mains<\/h1><\/div><\/div><\/div>\n\n\n\n<div class=\"row mt-70\">\n<div class=\"col-md-10 offset-md-1\">\n<div class=\"row\">\n<div class=\"col-md-6\"><img decoding=\"async\" src=\"\/fr\/wp-content\/uploads\/2025\/11\/monefia-debit-card.png\" class=\"img-fluid\"><\/div>\n<div class=\"col-md-6\"><h3>La s\u00e9curit\u00e9 avant tout<\/h3>\n<div class=\"mt-40\"><ul class=\"ul-nolist\"><li>Alerte en cas de d\u00e9pense suspecte<\/li><li>Paiement 3D Secure<\/li><li>Protection contre les achats frauduleux<\/li><li>Blocage imm\u00e9diat de la carte<\/li><\/ul><\/div>\n<\/div>\n<\/div>\n<\/div>\n<\/div>\n\n\n\n<div class=\"row mt-70\">\n<div class=\"col-md-12\"><div align=\"center\"><div class=\"wp-block-button is-style-fill\"><a class=\"wp-block-button__link wp-element-button\" href=\"\/fr\/compte-bancaire-professionnel\/\">Ouvrir un compte pro<\/a><\/div><\/div><\/div>\n<\/div>\n","protected":false},"excerpt":{"rendered":"<p>La carte qui s&rsquo;adapte \u00e0 vos besoins, pas l&rsquo;inverse Cr\u00e9ez, modifiez en temps r\u00e9el vos cartes pro physiques ou virtuelles. Ajustez les fonctions et plafonds depuis votre application Ouvrir mon compte Vous \u00eates le seul pilote \u00e0 bord Param\u00e9trez vos besoins Fonctionnalit\u00e9s Paiement en ligne Paiement sans contact Paiement \u00e0 distance Retrait esp\u00e8ces Capacit\u00e9s de [&hellip;]<\/p>\n","protected":false},"author":1,"featured_media":0,"parent":0,"menu_order":17,"comment_status":"closed","ping_status":"closed","template":"template-page-no-title","meta":{"_acf_changed":false,"_frontis_meta_header_display":false,"_frontis_meta_footer_display":false,"_frontis_meta_site_title_display":false,"_frontis_meta_sticky_header":false,"_frontis_meta_transparent_header":false,"_frontis_meta_lazy_load":false,"_frontis_meta_transparent_bg_color":"","_frontis_meta_sticky_bg_color":"","footnotes":""},"class_list":["post-618","page","type-page","status-publish","hentry"],"acf":[],"yoast_head":"<!-- This site is optimized with the Yoast SEO plugin v26.8 - https:\/\/yoast.com\/product\/yoast-seo-wordpress\/ -->\n<title>Carte bancaire - Monefia<\/title>\n<meta name=\"robots\" content=\"index, follow, max-snippet:-1, max-image-preview:large, max-video-preview:-1\" \/>\n<link rel=\"canonical\" href=\"https:\/\/monefia.com\/fr\/carte-bancaire\/\" \/>\n<meta property=\"og:locale\" content=\"fr_FR\" \/>\n<meta property=\"og:type\" content=\"article\" \/>\n<meta property=\"og:title\" content=\"Carte bancaire - Monefia\" \/>\n<meta property=\"og:description\" content=\"La carte qui s&rsquo;adapte \u00e0 vos besoins, pas l&rsquo;inverse Cr\u00e9ez, modifiez en temps r\u00e9el vos cartes pro physiques ou virtuelles. Ajustez les fonctions et plafonds depuis votre application Ouvrir mon compte Vous \u00eates le seul pilote \u00e0 bord Param\u00e9trez vos besoins Fonctionnalit\u00e9s Paiement en ligne Paiement sans contact Paiement \u00e0 distance Retrait esp\u00e8ces Capacit\u00e9s de [&hellip;]\" \/>\n<meta property=\"og:url\" content=\"https:\/\/monefia.com\/fr\/carte-bancaire\/\" \/>\n<meta property=\"og:site_name\" content=\"Monefia\" \/>\n<meta property=\"article:modified_time\" content=\"2025-11-04T14:52:36+00:00\" \/>\n<meta name=\"twitter:card\" content=\"summary_large_image\" \/>\n<meta name=\"twitter:label1\" content=\"Dur\u00e9e de lecture estim\u00e9e\" \/>\n\t<meta name=\"twitter:data1\" content=\"2 minutes\" \/>\n<script type=\"application\/ld+json\" class=\"yoast-schema-graph\">{\"@context\":\"https:\/\/schema.org\",\"@graph\":[{\"@type\":\"WebPage\",\"@id\":\"https:\/\/monefia.com\/fr\/carte-bancaire\/\",\"url\":\"https:\/\/monefia.com\/fr\/carte-bancaire\/\",\"name\":\"Carte bancaire - Monefia\",\"isPartOf\":{\"@id\":\"https:\/\/monefia.com\/fr\/#website\"},\"datePublished\":\"2025-11-03T13:26:20+00:00\",\"dateModified\":\"2025-11-04T14:52:36+00:00\",\"breadcrumb\":{\"@id\":\"https:\/\/monefia.com\/fr\/carte-bancaire\/#breadcrumb\"},\"inLanguage\":\"fr-FR\",\"potentialAction\":[{\"@type\":\"ReadAction\",\"target\":[\"https:\/\/monefia.com\/fr\/carte-bancaire\/\"]}]},{\"@type\":\"BreadcrumbList\",\"@id\":\"https:\/\/monefia.com\/fr\/carte-bancaire\/#breadcrumb\",\"itemListElement\":[{\"@type\":\"ListItem\",\"position\":1,\"name\":\"Accueil\",\"item\":\"https:\/\/monefia.com\/fr\/\"},{\"@type\":\"ListItem\",\"position\":2,\"name\":\"Carte bancaire\"}]},{\"@type\":\"WebSite\",\"@id\":\"https:\/\/monefia.com\/fr\/#website\",\"url\":\"https:\/\/monefia.com\/fr\/\",\"name\":\"Monefia\",\"description\":\"G\u00e9rez, Encaissez, Progressez, sans frais cach\u00e9s\",\"publisher\":{\"@id\":\"https:\/\/monefia.com\/fr\/#organization\"},\"potentialAction\":[{\"@type\":\"SearchAction\",\"target\":{\"@type\":\"EntryPoint\",\"urlTemplate\":\"https:\/\/monefia.com\/fr\/?s={search_term_string}\"},\"query-input\":{\"@type\":\"PropertyValueSpecification\",\"valueRequired\":true,\"valueName\":\"search_term_string\"}}],\"inLanguage\":\"fr-FR\"},{\"@type\":\"Organization\",\"@id\":\"https:\/\/monefia.com\/fr\/#organization\",\"name\":\"Monefia\",\"url\":\"https:\/\/monefia.com\/fr\/\",\"logo\":{\"@type\":\"ImageObject\",\"inLanguage\":\"fr-FR\",\"@id\":\"https:\/\/monefia.com\/fr\/#\/schema\/logo\/image\/\",\"url\":\"https:\/\/monefia.com\/fr\/wp-content\/uploads\/2025\/10\/logo-monefia.png\",\"contentUrl\":\"https:\/\/monefia.com\/fr\/wp-content\/uploads\/2025\/10\/logo-monefia.png\",\"width\":325,\"height\":70,\"caption\":\"Monefia\"},\"image\":{\"@id\":\"https:\/\/monefia.com\/fr\/#\/schema\/logo\/image\/\"}}]}<\/script>\n<!-- \/ Yoast SEO plugin. -->","yoast_head_json":{"title":"Carte bancaire - Monefia","robots":{"index":"index","follow":"follow","max-snippet":"max-snippet:-1","max-image-preview":"max-image-preview:large","max-video-preview":"max-video-preview:-1"},"canonical":"https:\/\/monefia.com\/fr\/carte-bancaire\/","og_locale":"fr_FR","og_type":"article","og_title":"Carte bancaire - Monefia","og_description":"La carte qui s&rsquo;adapte \u00e0 vos besoins, pas l&rsquo;inverse Cr\u00e9ez, modifiez en temps r\u00e9el vos cartes pro physiques ou virtuelles. Ajustez les fonctions et plafonds depuis votre application Ouvrir mon compte Vous \u00eates le seul pilote \u00e0 bord Param\u00e9trez vos besoins Fonctionnalit\u00e9s Paiement en ligne Paiement sans contact Paiement \u00e0 distance Retrait esp\u00e8ces Capacit\u00e9s de [&hellip;]","og_url":"https:\/\/monefia.com\/fr\/carte-bancaire\/","og_site_name":"Monefia","article_modified_time":"2025-11-04T14:52:36+00:00","twitter_card":"summary_large_image","twitter_misc":{"Dur\u00e9e de lecture estim\u00e9e":"2 minutes"},"schema":{"@context":"https:\/\/schema.org","@graph":[{"@type":"WebPage","@id":"https:\/\/monefia.com\/fr\/carte-bancaire\/","url":"https:\/\/monefia.com\/fr\/carte-bancaire\/","name":"Carte bancaire - Monefia","isPartOf":{"@id":"https:\/\/monefia.com\/fr\/#website"},"datePublished":"2025-11-03T13:26:20+00:00","dateModified":"2025-11-04T14:52:36+00:00","breadcrumb":{"@id":"https:\/\/monefia.com\/fr\/carte-bancaire\/#breadcrumb"},"inLanguage":"fr-FR","potentialAction":[{"@type":"ReadAction","target":["https:\/\/monefia.com\/fr\/carte-bancaire\/"]}]},{"@type":"BreadcrumbList","@id":"https:\/\/monefia.com\/fr\/carte-bancaire\/#breadcrumb","itemListElement":[{"@type":"ListItem","position":1,"name":"Accueil","item":"https:\/\/monefia.com\/fr\/"},{"@type":"ListItem","position":2,"name":"Carte bancaire"}]},{"@type":"WebSite","@id":"https:\/\/monefia.com\/fr\/#website","url":"https:\/\/monefia.com\/fr\/","name":"Monefia","description":"G\u00e9rez, Encaissez, Progressez, sans frais cach\u00e9s","publisher":{"@id":"https:\/\/monefia.com\/fr\/#organization"},"potentialAction":[{"@type":"SearchAction","target":{"@type":"EntryPoint","urlTemplate":"https:\/\/monefia.com\/fr\/?s={search_term_string}"},"query-input":{"@type":"PropertyValueSpecification","valueRequired":true,"valueName":"search_term_string"}}],"inLanguage":"fr-FR"},{"@type":"Organization","@id":"https:\/\/monefia.com\/fr\/#organization","name":"Monefia","url":"https:\/\/monefia.com\/fr\/","logo":{"@type":"ImageObject","inLanguage":"fr-FR","@id":"https:\/\/monefia.com\/fr\/#\/schema\/logo\/image\/","url":"https:\/\/monefia.com\/fr\/wp-content\/uploads\/2025\/10\/logo-monefia.png","contentUrl":"https:\/\/monefia.com\/fr\/wp-content\/uploads\/2025\/10\/logo-monefia.png","width":325,"height":70,"caption":"Monefia"},"image":{"@id":"https:\/\/monefia.com\/fr\/#\/schema\/logo\/image\/"}}]}},"fb_featured_image_src":{"full":false,"thumbnail":false,"medium":false,"medium_large":false,"large":false},"fb_author_info":{"name":"adswpmoneffr","avatar":"https:\/\/secure.gravatar.com\/avatar\/2edd1328819bc63f51c1a1312437949d679f921bcac8beca8c8aaf8d04ddc4b9?s=96&d=mm&r=g","bio":"","archive_url":"https:\/\/monefia.com\/fr\/author\/adswpmoneffr\/","email":"contact@monefia.com","latest_post_date":"28 Oct 2025"},"fb_category_info":[],"fb_post_tag_info":[],"fb_post_excerpt":"La carte qui s&rsquo;adapte \u00e0 vos besoins, pas l&rsquo;inverse Cr\u00e9ez, modifiez en temps r\u00e9el vos cartes pro physiques ou virtuelles. Ajustez les fonctions et plafonds depuis votre application Ouvrir mon compte Vous \u00eates le seul pilote \u00e0 bord Param\u00e9trez vos besoins Fonctionnalit\u00e9s Paiement en ligne Paiement sans contact Paiement \u00e0 distance Retrait esp\u00e8ces Capacit\u00e9s de\u2026","_links":{"self":[{"href":"https:\/\/monefia.com\/fr\/wp-json\/wp\/v2\/pages\/618","targetHints":{"allow":["GET"]}}],"collection":[{"href":"https:\/\/monefia.com\/fr\/wp-json\/wp\/v2\/pages"}],"about":[{"href":"https:\/\/monefia.com\/fr\/wp-json\/wp\/v2\/types\/page"}],"author":[{"embeddable":true,"href":"https:\/\/monefia.com\/fr\/wp-json\/wp\/v2\/users\/1"}],"replies":[{"embeddable":true,"href":"https:\/\/monefia.com\/fr\/wp-json\/wp\/v2\/comments?post=618"}],"version-history":[{"count":61,"href":"https:\/\/monefia.com\/fr\/wp-json\/wp\/v2\/pages\/618\/revisions"}],"predecessor-version":[{"id":869,"href":"https:\/\/monefia.com\/fr\/wp-json\/wp\/v2\/pages\/618\/revisions\/869"}],"wp:attachment":[{"href":"https:\/\/monefia.com\/fr\/wp-json\/wp\/v2\/media?parent=618"}],"curies":[{"name":"wp","href":"https:\/\/api.w.org\/{rel}","templated":true}]}}