{"id":260,"date":"2025-10-29T22:27:51","date_gmt":"2025-10-29T21:27:51","guid":{"rendered":"https:\/\/monefia.com\/fr\/?page_id=260"},"modified":"2026-01-27T14:33:22","modified_gmt":"2026-01-27T13:33:22","slug":"nous-contacter","status":"publish","type":"page","link":"https:\/\/monefia.com\/fr\/nous-contacter\/","title":{"rendered":"Nous contacter"},"content":{"rendered":"\n<div class=\"row justify-content-center\"><div class=\"col-md-8\"><h1 class=\"wp-block-heading alignwide has-text-align-center txth1\" style=\"margin-top:0;margin-right:0;margin-bottom:var(--wp--preset--spacing--spacing-32);margin-left:0;padding-top:0;padding-right:0;padding-bottom:0;padding-left:0\">Nous contacter<\/h1><\/div><\/div>\n\n\n\n<div class=\"row justify-content-center\">\n<div class=\"col-md-10\">\n\n<div class=\"row\">\n<div class=\"col-md-6\"><img decoding=\"async\" src=\"\/fr\/wp-content\/uploads\/2025\/11\/monefia-nous-contacter.jpg\" class=\"img-fluid br20\"><\/div>\n<div class=\"col-md-6\">\n<div class=\"row\">\n<div class=\"col-md-12 mb-20\"><div class=\"border2\"><div>\n<div><strong>NOS HORAIRES<\/strong><\/div>\n<div>Service commercial: du Lundi au Vendredi de 9h \u00e0 19h<\/div>\n<div>Service technique: 7j\/7 de 9h \u00e0 19h<\/div>\n\n<\/div><\/div><\/div>\n\n<div class=\"col-md-6 col-xs-6\"><div class=\"col-acc-1\" style=\"background-color:#EDF1F2;border-radius:20px;\"><div><h4 class=\"acc-1-txt\"><i class=\"fa-solid fa-phone\"><\/i>T\u00e9l\u00e9phone <\/h4><\/div><div class=\"btm-acc-1\">09 39 24 00 02<\/div><div class=\"txt-small\">Prix d&rsquo;un appel local<\/div><\/div><\/div>\n<div class=\"col-md-6 col-xs-6\"><div class=\"col-acc-1\" style=\"background-color:#EDF1F2;border-radius:20px;\"><div><h4 class=\"acc-1-txt\"><i class=\"fa-solid fa-at\"><\/i>Email<\/h4><\/div><div class=\"btm-acc-1\">contact@monefia.com<\/div><div class=\"txt-small\">24h\/24 &#8211; 7j\/7<\/div><\/div><\/div>\n<div class=\"col-md-12 mt-30\"><div class=\"col-acc-1\" style=\"background-color:#EDF1F2;border-radius:20px;\"><div><h4 class=\"acc-1-txt\"><i class=\"fa-solid fa-users\"><\/i> Service clients en ligne <\/h4><\/div><div class=\"btm-acc-1\">Nous contacter en ligne<\/div><div class=\"txt-small\">Recommand\u00e9 pour une meilleure prise en charge<\/div>\n<div class=\"forminator-ui forminator-custom-form forminator-custom-form-1465 forminator-design--default  forminator_ajax\" data-forminator-render=\"0\" data-form=\"forminator-module-1465\" data-uid=\"69e143887a445\"><br\/><\/div><form\n\t\t\t\tid=\"forminator-module-1465\"\n\t\t\t\tclass=\"forminator-ui forminator-custom-form forminator-custom-form-1465 forminator-design--default  forminator_ajax\"\n\t\t\t\tmethod=\"post\"\n\t\t\t\tdata-forminator-render=\"0\"\n\t\t\t\tdata-form-id=\"1465\"\n\t\t\t\t data-color-option=\"theme\" data-design=\"default\" data-grid=\"open\" style=\"display: none;\"\n\t\t\t\tdata-uid=\"69e143887a445\"\n\t\t\t><div role=\"alert\" aria-live=\"polite\" class=\"forminator-response-message forminator-error\" aria-hidden=\"true\"><\/div><div class=\"forminator-row\"><div id=\"name-2\" class=\"forminator-field-name forminator-col forminator-col-6 \"><div class=\"forminator-field\"><label for=\"forminator-field-name-2_69e143887a445\" id=\"forminator-field-name-2_69e143887a445-label\" class=\"forminator-label\">Nom <span class=\"forminator-required\">*<\/span><\/label><input type=\"text\" name=\"name-2\" value=\"\" placeholder=\"\" id=\"forminator-field-name-2_69e143887a445\" class=\"forminator-input forminator-name--field\" aria-required=\"true\" autocomplete=\"name\" \/><\/div><\/div><div id=\"name-1\" class=\"forminator-field-name forminator-col forminator-col-6 \"><div class=\"forminator-field\"><label for=\"forminator-field-name-1_69e143887a445\" id=\"forminator-field-name-1_69e143887a445-label\" class=\"forminator-label\">Pr\u00e9nom <span class=\"forminator-required\">*<\/span><\/label><input type=\"text\" name=\"name-1\" value=\"\" placeholder=\"\" id=\"forminator-field-name-1_69e143887a445\" class=\"forminator-input forminator-name--field\" aria-required=\"true\" autocomplete=\"name\" \/><\/div><\/div><\/div><div class=\"forminator-row\"><div id=\"radio-1\" class=\"forminator-field-radio forminator-col forminator-col-6 \"><div role=\"radiogroup\" class=\"forminator-field\" aria-labelledby=\"forminator-radiogroup-radio-1-69e143887a445-label\"><span id=\"forminator-radiogroup-radio-1-69e143887a445-label\" class=\"forminator-label\">\u00cates-vous d\u00e9j\u00e0 client?<\/span><label id=\"forminator-field-radio-1-label-1\" for=\"forminator-field-radio-1-1-69e143887a445\" class=\"forminator-radio\" title=\"Oui\"><input type=\"radio\" name=\"radio-1\" value=\"one\" id=\"forminator-field-radio-1-1-69e143887a445\" aria-labelledby=\"forminator-field-radio-1-label-1\" data-calculation=\"0\"   data-hidden-behavior=\"zero\"\/><span class=\"forminator-radio-bullet\" aria-hidden=\"true\"><\/span><span class=\"forminator-radio-label\">Oui<\/span><\/label><label id=\"forminator-field-radio-1-label-2\" for=\"forminator-field-radio-1-2-69e143887a445\" class=\"forminator-radio\" title=\"Non\"><input type=\"radio\" name=\"radio-1\" value=\"two\" id=\"forminator-field-radio-1-2-69e143887a445\" aria-labelledby=\"forminator-field-radio-1-label-2\" data-calculation=\"0\"   data-hidden-behavior=\"zero\"\/><span class=\"forminator-radio-bullet\" aria-hidden=\"true\"><\/span><span class=\"forminator-radio-label\">Non<\/span><\/label><\/div><\/div><div id=\"phone-1\" class=\"forminator-field-phone forminator-col forminator-col-6 \"><div class=\"forminator-field\"><label for=\"forminator-field-phone-1_69e143887a445\" id=\"forminator-field-phone-1_69e143887a445-label\" class=\"forminator-label\">Num\u00e9ro de t\u00e9l\u00e9phone<\/label><input type=\"text\" name=\"phone-1\" value=\"\" placeholder=\"\" id=\"forminator-field-phone-1_69e143887a445\" class=\"forminator-input forminator-field--phone\" data-required=\"\" aria-required=\"false\" autocomplete=\"off\" \/><\/div><\/div><\/div><div class=\"forminator-row\"><div id=\"email-1\" class=\"forminator-field-email forminator-col forminator-col-12 \"><div class=\"forminator-field\"><label for=\"forminator-field-email-1_69e143887a445\" id=\"forminator-field-email-1_69e143887a445-label\" class=\"forminator-label\">Adresse de messagerie <span class=\"forminator-required\">*<\/span><\/label><input type=\"email\" name=\"email-1\" value=\"\" placeholder=\"\" id=\"forminator-field-email-1_69e143887a445\" class=\"forminator-input forminator-email--field\" data-required=\"true\" aria-required=\"true\" autocomplete=\"email\" \/><\/div><\/div><\/div><div class=\"forminator-row\"><div id=\"textarea-1\" class=\"forminator-field-textarea forminator-col forminator-col-12 \"><div class=\"forminator-field\"><label for=\"forminator-field-textarea-1_69e143887a445\" id=\"forminator-field-textarea-1_69e143887a445-label\" class=\"forminator-label\">Message <span class=\"forminator-required\">*<\/span><\/label><span id=\"forminator-field-textarea-1_69e143887a445-description\" class=\"forminator-description\"><span data-limit=\"180\" data-type=\"characters\" data-editor=\"\">0 \/ 180<\/span><\/span><textarea name=\"textarea-1\" placeholder=\"\" id=\"forminator-field-textarea-1_69e143887a445\" class=\"forminator-textarea\" rows=\"6\" style=\"min-height:140px;\" maxlength=\"180\" ><\/textarea><\/div><\/div><\/div><input type=\"hidden\" name=\"referer_url\" value=\"\" \/><div class=\"forminator-row forminator-row-last\"><div class=\"forminator-col\"><div class=\"forminator-field\"><button class=\"forminator-button forminator-button-submit\">Envoyer<\/button><\/div><\/div><\/div><input type=\"hidden\" id=\"forminator_nonce\" name=\"forminator_nonce\" value=\"8e101db4b9\" \/><input type=\"hidden\" name=\"_wp_http_referer\" value=\"\/fr\/wp-json\/wp\/v2\/pages\/260\" \/><input type=\"hidden\" name=\"form_id\" value=\"1465\"><input type=\"hidden\" name=\"page_id\" value=\"260\"><input type=\"hidden\" name=\"form_type\" value=\"default\"><input type=\"hidden\" name=\"current_url\" value=\"https:\/\/monefia.com\/fr\/nous-contacter\/\"><input type=\"hidden\" name=\"render_id\" value=\"0\"><input type=\"hidden\" name=\"action\" value=\"forminator_submit_form_custom-forms\"><\/form>\n<\/div><\/div>\n<\/div>\n<\/div>\n<\/div>\n\n<\/div>\n<\/div>\n","protected":false},"excerpt":{"rendered":"<p>Nous contacter NOS HORAIRES Service commercial: du Lundi au Vendredi de 9h \u00e0 19h Service technique: 7j\/7 de 9h \u00e0 19h T\u00e9l\u00e9phone 09 39 24 00 02 Prix d&rsquo;un appel local Email contact@monefia.com 24h\/24 &#8211; 7j\/7 Service clients en ligne Nous contacter en ligne Recommand\u00e9 pour une meilleure prise en charge<\/p>\n","protected":false},"author":1,"featured_media":0,"parent":0,"menu_order":26,"comment_status":"closed","ping_status":"closed","template":"template-page-no-title","meta":{"_acf_changed":false,"_frontis_meta_header_display":false,"_frontis_meta_footer_display":false,"_frontis_meta_site_title_display":false,"_frontis_meta_sticky_header":false,"_frontis_meta_transparent_header":false,"_frontis_meta_lazy_load":false,"_frontis_meta_transparent_bg_color":"","_frontis_meta_sticky_bg_color":"","footnotes":""},"class_list":["post-260","page","type-page","status-publish","hentry"],"acf":[],"yoast_head":"<!-- This site is optimized with the Yoast SEO plugin v26.8 - https:\/\/yoast.com\/product\/yoast-seo-wordpress\/ -->\n<title>Nous contacter - Monefia<\/title>\n<meta name=\"robots\" content=\"index, follow, max-snippet:-1, max-image-preview:large, max-video-preview:-1\" \/>\n<link rel=\"canonical\" href=\"https:\/\/monefia.com\/fr\/nous-contacter\/\" \/>\n<meta property=\"og:locale\" content=\"fr_FR\" \/>\n<meta property=\"og:type\" content=\"article\" \/>\n<meta property=\"og:title\" content=\"Nous contacter - Monefia\" \/>\n<meta property=\"og:description\" content=\"Nous contacter NOS HORAIRES Service commercial: du Lundi au Vendredi de 9h \u00e0 19h Service technique: 7j\/7 de 9h \u00e0 19h T\u00e9l\u00e9phone 09 39 24 00 02 Prix d&rsquo;un appel local Email contact@monefia.com 24h\/24 &#8211; 7j\/7 Service clients en ligne Nous contacter en ligne Recommand\u00e9 pour une meilleure prise en charge\" \/>\n<meta property=\"og:url\" content=\"https:\/\/monefia.com\/fr\/nous-contacter\/\" \/>\n<meta property=\"og:site_name\" content=\"Monefia\" \/>\n<meta property=\"article:modified_time\" content=\"2026-01-27T13:33:22+00:00\" \/>\n<meta name=\"twitter:card\" content=\"summary_large_image\" \/>\n<meta name=\"twitter:label1\" content=\"Dur\u00e9e de lecture estim\u00e9e\" \/>\n\t<meta name=\"twitter:data1\" content=\"1 minute\" \/>\n<script type=\"application\/ld+json\" class=\"yoast-schema-graph\">{\"@context\":\"https:\/\/schema.org\",\"@graph\":[{\"@type\":\"WebPage\",\"@id\":\"https:\/\/monefia.com\/fr\/nous-contacter\/\",\"url\":\"https:\/\/monefia.com\/fr\/nous-contacter\/\",\"name\":\"Nous contacter - Monefia\",\"isPartOf\":{\"@id\":\"https:\/\/monefia.com\/fr\/#website\"},\"datePublished\":\"2025-10-29T21:27:51+00:00\",\"dateModified\":\"2026-01-27T13:33:22+00:00\",\"breadcrumb\":{\"@id\":\"https:\/\/monefia.com\/fr\/nous-contacter\/#breadcrumb\"},\"inLanguage\":\"fr-FR\",\"potentialAction\":[{\"@type\":\"ReadAction\",\"target\":[\"https:\/\/monefia.com\/fr\/nous-contacter\/\"]}]},{\"@type\":\"BreadcrumbList\",\"@id\":\"https:\/\/monefia.com\/fr\/nous-contacter\/#breadcrumb\",\"itemListElement\":[{\"@type\":\"ListItem\",\"position\":1,\"name\":\"Accueil\",\"item\":\"https:\/\/monefia.com\/fr\/\"},{\"@type\":\"ListItem\",\"position\":2,\"name\":\"Nous contacter\"}]},{\"@type\":\"WebSite\",\"@id\":\"https:\/\/monefia.com\/fr\/#website\",\"url\":\"https:\/\/monefia.com\/fr\/\",\"name\":\"Monefia\",\"description\":\"G\u00e9rez, Encaissez, Progressez, sans frais cach\u00e9s\",\"publisher\":{\"@id\":\"https:\/\/monefia.com\/fr\/#organization\"},\"potentialAction\":[{\"@type\":\"SearchAction\",\"target\":{\"@type\":\"EntryPoint\",\"urlTemplate\":\"https:\/\/monefia.com\/fr\/?s={search_term_string}\"},\"query-input\":{\"@type\":\"PropertyValueSpecification\",\"valueRequired\":true,\"valueName\":\"search_term_string\"}}],\"inLanguage\":\"fr-FR\"},{\"@type\":\"Organization\",\"@id\":\"https:\/\/monefia.com\/fr\/#organization\",\"name\":\"Monefia\",\"url\":\"https:\/\/monefia.com\/fr\/\",\"logo\":{\"@type\":\"ImageObject\",\"inLanguage\":\"fr-FR\",\"@id\":\"https:\/\/monefia.com\/fr\/#\/schema\/logo\/image\/\",\"url\":\"https:\/\/monefia.com\/fr\/wp-content\/uploads\/2025\/10\/logo-monefia.png\",\"contentUrl\":\"https:\/\/monefia.com\/fr\/wp-content\/uploads\/2025\/10\/logo-monefia.png\",\"width\":325,\"height\":70,\"caption\":\"Monefia\"},\"image\":{\"@id\":\"https:\/\/monefia.com\/fr\/#\/schema\/logo\/image\/\"}}]}<\/script>\n<!-- \/ Yoast SEO plugin. -->","yoast_head_json":{"title":"Nous contacter - Monefia","robots":{"index":"index","follow":"follow","max-snippet":"max-snippet:-1","max-image-preview":"max-image-preview:large","max-video-preview":"max-video-preview:-1"},"canonical":"https:\/\/monefia.com\/fr\/nous-contacter\/","og_locale":"fr_FR","og_type":"article","og_title":"Nous contacter - Monefia","og_description":"Nous contacter NOS HORAIRES Service commercial: du Lundi au Vendredi de 9h \u00e0 19h Service technique: 7j\/7 de 9h \u00e0 19h T\u00e9l\u00e9phone 09 39 24 00 02 Prix d&rsquo;un appel local Email contact@monefia.com 24h\/24 &#8211; 7j\/7 Service clients en ligne Nous contacter en ligne Recommand\u00e9 pour une meilleure prise en charge","og_url":"https:\/\/monefia.com\/fr\/nous-contacter\/","og_site_name":"Monefia","article_modified_time":"2026-01-27T13:33:22+00:00","twitter_card":"summary_large_image","twitter_misc":{"Dur\u00e9e de lecture estim\u00e9e":"1 minute"},"schema":{"@context":"https:\/\/schema.org","@graph":[{"@type":"WebPage","@id":"https:\/\/monefia.com\/fr\/nous-contacter\/","url":"https:\/\/monefia.com\/fr\/nous-contacter\/","name":"Nous contacter - Monefia","isPartOf":{"@id":"https:\/\/monefia.com\/fr\/#website"},"datePublished":"2025-10-29T21:27:51+00:00","dateModified":"2026-01-27T13:33:22+00:00","breadcrumb":{"@id":"https:\/\/monefia.com\/fr\/nous-contacter\/#breadcrumb"},"inLanguage":"fr-FR","potentialAction":[{"@type":"ReadAction","target":["https:\/\/monefia.com\/fr\/nous-contacter\/"]}]},{"@type":"BreadcrumbList","@id":"https:\/\/monefia.com\/fr\/nous-contacter\/#breadcrumb","itemListElement":[{"@type":"ListItem","position":1,"name":"Accueil","item":"https:\/\/monefia.com\/fr\/"},{"@type":"ListItem","position":2,"name":"Nous contacter"}]},{"@type":"WebSite","@id":"https:\/\/monefia.com\/fr\/#website","url":"https:\/\/monefia.com\/fr\/","name":"Monefia","description":"G\u00e9rez, Encaissez, Progressez, sans frais cach\u00e9s","publisher":{"@id":"https:\/\/monefia.com\/fr\/#organization"},"potentialAction":[{"@type":"SearchAction","target":{"@type":"EntryPoint","urlTemplate":"https:\/\/monefia.com\/fr\/?s={search_term_string}"},"query-input":{"@type":"PropertyValueSpecification","valueRequired":true,"valueName":"search_term_string"}}],"inLanguage":"fr-FR"},{"@type":"Organization","@id":"https:\/\/monefia.com\/fr\/#organization","name":"Monefia","url":"https:\/\/monefia.com\/fr\/","logo":{"@type":"ImageObject","inLanguage":"fr-FR","@id":"https:\/\/monefia.com\/fr\/#\/schema\/logo\/image\/","url":"https:\/\/monefia.com\/fr\/wp-content\/uploads\/2025\/10\/logo-monefia.png","contentUrl":"https:\/\/monefia.com\/fr\/wp-content\/uploads\/2025\/10\/logo-monefia.png","width":325,"height":70,"caption":"Monefia"},"image":{"@id":"https:\/\/monefia.com\/fr\/#\/schema\/logo\/image\/"}}]}},"fb_featured_image_src":{"full":false,"thumbnail":false,"medium":false,"medium_large":false,"large":false},"fb_author_info":{"name":"adswpmoneffr","avatar":"https:\/\/secure.gravatar.com\/avatar\/2edd1328819bc63f51c1a1312437949d679f921bcac8beca8c8aaf8d04ddc4b9?s=96&d=mm&r=g","bio":"","archive_url":"https:\/\/monefia.com\/fr\/author\/adswpmoneffr\/","email":"contact@monefia.com","latest_post_date":"28 Oct 2025"},"fb_category_info":[],"fb_post_tag_info":[],"fb_post_excerpt":"Nous contacter NOS HORAIRES Service commercial: du Lundi au Vendredi de 9h \u00e0 19h Service technique: 7j\/7 de 9h \u00e0 19h T\u00e9l\u00e9phone 09 39 24 00 02 Prix d&rsquo;un appel local Email contact@monefia.com 24h\/24 &#8211; 7j\/7 Service clients en ligne Nous contacter en ligne Recommand\u00e9 pour une meilleure prise en charge","_links":{"self":[{"href":"https:\/\/monefia.com\/fr\/wp-json\/wp\/v2\/pages\/260","targetHints":{"allow":["GET"]}}],"collection":[{"href":"https:\/\/monefia.com\/fr\/wp-json\/wp\/v2\/pages"}],"about":[{"href":"https:\/\/monefia.com\/fr\/wp-json\/wp\/v2\/types\/page"}],"author":[{"embeddable":true,"href":"https:\/\/monefia.com\/fr\/wp-json\/wp\/v2\/users\/1"}],"replies":[{"embeddable":true,"href":"https:\/\/monefia.com\/fr\/wp-json\/wp\/v2\/comments?post=260"}],"version-history":[{"count":39,"href":"https:\/\/monefia.com\/fr\/wp-json\/wp\/v2\/pages\/260\/revisions"}],"predecessor-version":[{"id":2345,"href":"https:\/\/monefia.com\/fr\/wp-json\/wp\/v2\/pages\/260\/revisions\/2345"}],"wp:attachment":[{"href":"https:\/\/monefia.com\/fr\/wp-json\/wp\/v2\/media?parent=260"}],"curies":[{"name":"wp","href":"https:\/\/api.w.org\/{rel}","templated":true}]}}