{"id":2153,"date":"2026-01-14T22:02:20","date_gmt":"2026-01-14T21:02:20","guid":{"rendered":"https:\/\/monefia.com\/fr\/?page_id=2153"},"modified":"2026-01-14T23:16:43","modified_gmt":"2026-01-14T22:16:43","slug":"boutique-accessoires","status":"publish","type":"page","link":"https:\/\/monefia.com\/fr\/boutique-accessoires\/","title":{"rendered":"Mat\u00e9riel &amp; accessoires"},"content":{"rendered":"\r\n\t\t<div  class=\"block-94f8afac-9c4f-48bf-8d4b-253f2099298a areoi-strip areoi-element strip alignfull\">\r\n\t\t\t\r\n\t\t\t\n\r\n\t\t<div  class=\"block-5e8b6839-ed42-485f-9987-af743e4aca8c areoi-element container\">\r\n\t\t\t\r\n\t\t\t\n\r\n\t\t<div  class=\"block-6c54234e-a282-41af-8520-d163eaceb86c row areoi-element\">\r\n\t\t\t\r\n\r\n\t\t\t\n\r\n\t\t<div  class=\"block-7f20c0b7-c695-41e0-8b0d-9ae4e765d465 col areoi-element\">\r\n\t\t\t\r\n\t\t\t\n\r\n\t\t<div  class=\"block-92570a29-f470-4352-b4b3-bfb6da90f689 areoi-element container\">\r\n\t\t\t\r\n\t\t\t\n\r\n\t\t<div  class=\"block-fffaeae4-fea9-4fbb-b0a1-dcb1f87dd7a5 row areoi-element\">\r\n\t\t\t\r\n\r\n\t\t\t\n\r\n\t\t<div  class=\"block-4eb2fc16-182a-4764-854b-2b9836bc5857 col areoi-element\">\r\n\t\t\t\r\n\t\t\t\n\n<div style=\"height:34px\" aria-hidden=\"true\" class=\"wp-block-spacer\"><\/div>\n\n\n\n<h2 class=\"wp-block-heading\">Mat\u00e9riel mon\u00e9tique \u00e0 l&rsquo;achat<\/h2>\n\n\n\n<div style=\"height:34px\" aria-hidden=\"true\" class=\"wp-block-spacer\"><\/div>\n\n\n\n<div class=\"woocommerce columns-4 \"><ul class=\"products columns-4\">\n<li class=\"product type-product post-2195 status-publish first instock product_cat-terminal-de-paiement has-post-thumbnail sale shipping-taxable purchasable product-type-simple\">\n\t<a href=\"https:\/\/monefia.com\/fr\/produit\/borne-de-commande-et-paiement-libre-service\/\" class=\"woocommerce-LoopProduct-link woocommerce-loop-product__link\">\n\t<span class=\"onsale\">Promo\u00a0!<\/span>\n\t<img fetchpriority=\"high\" decoding=\"async\" width=\"300\" height=\"300\" src=\"https:\/\/monefia.com\/fr\/wp-content\/uploads\/2026\/01\/borne-kiosque-commande-restaurant-fastfood-reservation-commande-paiement-borne-300x300.jpg\" class=\"attachment-woocommerce_thumbnail size-woocommerce_thumbnail\" alt=\"Borne de commande et paiement libre service\" srcset=\"https:\/\/monefia.com\/fr\/wp-content\/uploads\/2026\/01\/borne-kiosque-commande-restaurant-fastfood-reservation-commande-paiement-borne-300x300.jpg 300w, https:\/\/monefia.com\/fr\/wp-content\/uploads\/2026\/01\/borne-kiosque-commande-restaurant-fastfood-reservation-commande-paiement-borne-150x150.jpg 150w, https:\/\/monefia.com\/fr\/wp-content\/uploads\/2026\/01\/borne-kiosque-commande-restaurant-fastfood-reservation-commande-paiement-borne-600x600.jpg 600w, https:\/\/monefia.com\/fr\/wp-content\/uploads\/2026\/01\/borne-kiosque-commande-restaurant-fastfood-reservation-commande-paiement-borne-100x100.jpg 100w, https:\/\/monefia.com\/fr\/wp-content\/uploads\/2026\/01\/borne-kiosque-commande-restaurant-fastfood-reservation-commande-paiement-borne.jpg 700w\" sizes=\"(max-width: 300px) 100vw, 300px\" \/><h2 class=\"woocommerce-loop-product__title\">Borne de commande et paiement libre service<\/h2>\n\t<span class=\"price\"><del aria-hidden=\"true\"><span class=\"woocommerce-Price-amount amount\"><bdi>1,999.00<span class=\"woocommerce-Price-currencySymbol\">&euro;<\/span><\/bdi><\/span><\/del> <span class=\"screen-reader-text\">Le prix initial \u00e9tait\u00a0: 1,999.00&euro;.<\/span><ins aria-hidden=\"true\"><span class=\"woocommerce-Price-amount amount\"><bdi>1,499.99<span class=\"woocommerce-Price-currencySymbol\">&euro;<\/span><\/bdi><\/span><\/ins><span class=\"screen-reader-text\">Le prix actuel est\u00a0: 1,499.99&euro;.<\/span><\/span>\n<\/a><a href=\"\/fr\/wp-json\/wp\/v2\/pages\/2153?add-to-cart=2195\" aria-describedby=\"woocommerce_loop_add_to_cart_link_describedby_2195\" data-quantity=\"1\" class=\"button wp-element-button product_type_simple add_to_cart_button ajax_add_to_cart\" data-product_id=\"2195\" data-product_sku=\"\" aria-label=\"Ajouter au panier\u00a0: &ldquo;Borne de commande et paiement libre service&rdquo;\" rel=\"nofollow\" data-success_message=\"\u00ab\u00a0Borne de commande et paiement libre service\u00a0\u00bb a \u00e9t\u00e9 ajout\u00e9 \u00e0 votre panier\" role=\"button\">Ajouter au panier<\/a>\t<span id=\"woocommerce_loop_add_to_cart_link_describedby_2195\" class=\"screen-reader-text\">\n\t\t\t<\/span>\n<\/li>\n<li class=\"product type-product post-2078 status-publish instock product_cat-terminal-de-paiement has-post-thumbnail sale shipping-taxable purchasable product-type-simple\">\n\t<a href=\"https:\/\/monefia.com\/fr\/produit\/terminal-de-paiement-nexgo-n86\/\" class=\"woocommerce-LoopProduct-link woocommerce-loop-product__link\">\n\t<span class=\"onsale\">Promo\u00a0!<\/span>\n\t<img decoding=\"async\" width=\"300\" height=\"300\" src=\"https:\/\/monefia.com\/fr\/wp-content\/uploads\/2026\/01\/promotion-terminal-de-paiement-pas-cher-commercant-et-magasin-300x300.png\" class=\"attachment-woocommerce_thumbnail size-woocommerce_thumbnail\" alt=\"Terminal de paiement Nexgo N86\" srcset=\"https:\/\/monefia.com\/fr\/wp-content\/uploads\/2026\/01\/promotion-terminal-de-paiement-pas-cher-commercant-et-magasin-300x300.png 300w, https:\/\/monefia.com\/fr\/wp-content\/uploads\/2026\/01\/promotion-terminal-de-paiement-pas-cher-commercant-et-magasin-150x150.png 150w, https:\/\/monefia.com\/fr\/wp-content\/uploads\/2026\/01\/promotion-terminal-de-paiement-pas-cher-commercant-et-magasin-768x768.png 768w, https:\/\/monefia.com\/fr\/wp-content\/uploads\/2026\/01\/promotion-terminal-de-paiement-pas-cher-commercant-et-magasin-600x600.png 600w, https:\/\/monefia.com\/fr\/wp-content\/uploads\/2026\/01\/promotion-terminal-de-paiement-pas-cher-commercant-et-magasin-100x100.png 100w, https:\/\/monefia.com\/fr\/wp-content\/uploads\/2026\/01\/promotion-terminal-de-paiement-pas-cher-commercant-et-magasin.png 800w\" sizes=\"(max-width: 300px) 100vw, 300px\" \/><h2 class=\"woocommerce-loop-product__title\">Terminal de paiement Nexgo N86<\/h2>\n\t<span class=\"price\"><del aria-hidden=\"true\"><span class=\"woocommerce-Price-amount amount\"><bdi>299.00<span class=\"woocommerce-Price-currencySymbol\">&euro;<\/span><\/bdi><\/span><\/del> <span class=\"screen-reader-text\">Le prix initial \u00e9tait\u00a0: 299.00&euro;.<\/span><ins aria-hidden=\"true\"><span class=\"woocommerce-Price-amount amount\"><bdi>249.99<span class=\"woocommerce-Price-currencySymbol\">&euro;<\/span><\/bdi><\/span><\/ins><span class=\"screen-reader-text\">Le prix actuel est\u00a0: 249.99&euro;.<\/span><\/span>\n<\/a><a href=\"\/fr\/wp-json\/wp\/v2\/pages\/2153?add-to-cart=2078\" aria-describedby=\"woocommerce_loop_add_to_cart_link_describedby_2078\" data-quantity=\"1\" class=\"button wp-element-button product_type_simple add_to_cart_button ajax_add_to_cart\" data-product_id=\"2078\" data-product_sku=\"\" aria-label=\"Ajouter au panier\u00a0: &ldquo;Terminal de paiement Nexgo N86&rdquo;\" rel=\"nofollow\" data-success_message=\"\u00ab\u00a0Terminal de paiement Nexgo N86\u00a0\u00bb a \u00e9t\u00e9 ajout\u00e9 \u00e0 votre panier\" role=\"button\">Ajouter au panier<\/a>\t<span id=\"woocommerce_loop_add_to_cart_link_describedby_2078\" class=\"screen-reader-text\">\n\t\t\t<\/span>\n<\/li>\n<\/ul>\n<\/div>\n\n\n\r\n\t\t<div  class=\"block-2f119277-61c1-4d20-942e-841eb48b7a0f areoi-element container\">\r\n\t\t\t\r\n\t\t\t\n\r\n\t\t<div  class=\"block-9e2c73d5-d72d-4e6c-ab52-e765b67bcf5a row areoi-element\">\r\n\t\t\t\r\n\r\n\t\t\t \r\n\t\t<\/div>\r\n\t\n\n\n<h2 class=\"wp-block-heading\">Accessoires et consommables<\/h2>\n\n\n\n<div class=\"woocommerce columns-4 \"><ul class=\"products columns-4\">\n<li class=\"product type-product post-2086 status-publish first instock product_cat-accessoires has-post-thumbnail shipping-taxable purchasable product-type-simple\">\n\t<a href=\"https:\/\/monefia.com\/fr\/produit\/bobine-de-papier-thermique-62-x-80-x-12-x8\/\" class=\"woocommerce-LoopProduct-link woocommerce-loop-product__link\"><img decoding=\"async\" width=\"300\" height=\"300\" src=\"https:\/\/monefia.com\/fr\/wp-content\/uploads\/2026\/01\/bobines-thermique-pour-imprimante-300x300.webp\" class=\"attachment-woocommerce_thumbnail size-woocommerce_thumbnail\" alt=\"Bobine de papier thermique 62 x 80 x 12 \u2013 x8\" srcset=\"https:\/\/monefia.com\/fr\/wp-content\/uploads\/2026\/01\/bobines-thermique-pour-imprimante-300x300.webp 300w, https:\/\/monefia.com\/fr\/wp-content\/uploads\/2026\/01\/bobines-thermique-pour-imprimante-150x150.webp 150w, https:\/\/monefia.com\/fr\/wp-content\/uploads\/2026\/01\/bobines-thermique-pour-imprimante-768x768.webp 768w, https:\/\/monefia.com\/fr\/wp-content\/uploads\/2026\/01\/bobines-thermique-pour-imprimante-600x600.webp 600w, https:\/\/monefia.com\/fr\/wp-content\/uploads\/2026\/01\/bobines-thermique-pour-imprimante-100x100.webp 100w, https:\/\/monefia.com\/fr\/wp-content\/uploads\/2026\/01\/bobines-thermique-pour-imprimante.webp 800w\" sizes=\"(max-width: 300px) 100vw, 300px\" \/><h2 class=\"woocommerce-loop-product__title\">Bobine de papier thermique 62 x 80 x 12 \u2013 x8<\/h2>\n\t<span class=\"price\"><span class=\"woocommerce-Price-amount amount\"><bdi>5.99<span class=\"woocommerce-Price-currencySymbol\">&euro;<\/span><\/bdi><\/span><\/span>\n<\/a><a href=\"\/fr\/wp-json\/wp\/v2\/pages\/2153?add-to-cart=2086\" aria-describedby=\"woocommerce_loop_add_to_cart_link_describedby_2086\" data-quantity=\"1\" class=\"button wp-element-button product_type_simple add_to_cart_button ajax_add_to_cart\" data-product_id=\"2086\" data-product_sku=\"\" aria-label=\"Ajouter au panier\u00a0: &ldquo;Bobine de papier thermique 62 x 80 x 12 \u2013 x8&rdquo;\" rel=\"nofollow\" data-success_message=\"\u00ab\u00a0Bobine de papier thermique 62 x 80 x 12 \u2013 x8\u00a0\u00bb a \u00e9t\u00e9 ajout\u00e9 \u00e0 votre panier\" role=\"button\">Ajouter au panier<\/a>\t<span id=\"woocommerce_loop_add_to_cart_link_describedby_2086\" class=\"screen-reader-text\">\n\t\t\t<\/span>\n<\/li>\n<li class=\"product type-product post-2083 status-publish instock product_cat-accessoires has-post-thumbnail shipping-taxable purchasable product-type-simple\">\n\t<a href=\"https:\/\/monefia.com\/fr\/produit\/bobine-de-papier-thermique-62-x-80-x-12-x1\/\" class=\"woocommerce-LoopProduct-link woocommerce-loop-product__link\"><img loading=\"lazy\" decoding=\"async\" width=\"300\" height=\"300\" src=\"https:\/\/monefia.com\/fr\/wp-content\/uploads\/2026\/01\/1-bobine-papier-thermique-80-x-42-x-12-300x300.webp\" class=\"attachment-woocommerce_thumbnail size-woocommerce_thumbnail\" alt=\"Bobine de papier thermique 62 x 80 x 12 \u2013 x1\" srcset=\"https:\/\/monefia.com\/fr\/wp-content\/uploads\/2026\/01\/1-bobine-papier-thermique-80-x-42-x-12-300x300.webp 300w, https:\/\/monefia.com\/fr\/wp-content\/uploads\/2026\/01\/1-bobine-papier-thermique-80-x-42-x-12-150x150.webp 150w, https:\/\/monefia.com\/fr\/wp-content\/uploads\/2026\/01\/1-bobine-papier-thermique-80-x-42-x-12-768x768.webp 768w, https:\/\/monefia.com\/fr\/wp-content\/uploads\/2026\/01\/1-bobine-papier-thermique-80-x-42-x-12-600x600.webp 600w, https:\/\/monefia.com\/fr\/wp-content\/uploads\/2026\/01\/1-bobine-papier-thermique-80-x-42-x-12-100x100.webp 100w, https:\/\/monefia.com\/fr\/wp-content\/uploads\/2026\/01\/1-bobine-papier-thermique-80-x-42-x-12.webp 800w\" sizes=\"(max-width: 300px) 100vw, 300px\" \/><h2 class=\"woocommerce-loop-product__title\">Bobine de papier thermique 62 x 80 x 12 \u2013 x1<\/h2>\n\t<span class=\"price\"><span class=\"woocommerce-Price-amount amount\"><bdi>0.99<span class=\"woocommerce-Price-currencySymbol\">&euro;<\/span><\/bdi><\/span><\/span>\n<\/a><a href=\"\/fr\/wp-json\/wp\/v2\/pages\/2153?add-to-cart=2083\" aria-describedby=\"woocommerce_loop_add_to_cart_link_describedby_2083\" data-quantity=\"1\" class=\"button wp-element-button product_type_simple add_to_cart_button ajax_add_to_cart\" data-product_id=\"2083\" data-product_sku=\"\" aria-label=\"Ajouter au panier\u00a0: &ldquo;Bobine de papier thermique 62 x 80 x 12 \u2013 x1&rdquo;\" rel=\"nofollow\" data-success_message=\"\u00ab\u00a0Bobine de papier thermique 62 x 80 x 12 \u2013 x1\u00a0\u00bb a \u00e9t\u00e9 ajout\u00e9 \u00e0 votre panier\" role=\"button\">Ajouter au panier<\/a>\t<span id=\"woocommerce_loop_add_to_cart_link_describedby_2083\" class=\"screen-reader-text\">\n\t\t\t<\/span>\n<\/li>\n<\/ul>\n<\/div>\n\n \r\n\t\t<\/div>\r\n\t\n \r\n\t\t\t\r\n\t\t<\/div>\r\n\t\n \r\n\t\t<\/div>\r\n\t\n \r\n\t\t<\/div>\r\n\t\n \r\n\t\t\t\r\n\t\t<\/div>\r\n\t\n \r\n\t\t<\/div>\r\n\t\n \r\n\t\t<\/div>\r\n\t\n \r\n\t\t<\/div>\r\n\t","protected":false},"excerpt":{"rendered":"","protected":false},"author":1,"featured_media":0,"parent":0,"menu_order":2,"comment_status":"closed","ping_status":"closed","template":"","meta":{"_acf_changed":false,"_frontis_meta_header_display":false,"_frontis_meta_footer_display":false,"_frontis_meta_site_title_display":false,"_frontis_meta_sticky_header":false,"_frontis_meta_transparent_header":false,"_frontis_meta_lazy_load":false,"_frontis_meta_transparent_bg_color":"","_frontis_meta_sticky_bg_color":"","footnotes":""},"class_list":["post-2153","page","type-page","status-publish","hentry"],"acf":[],"yoast_head":"<!-- This site is optimized with the Yoast SEO plugin v26.8 - https:\/\/yoast.com\/product\/yoast-seo-wordpress\/ -->\n<title>Mat\u00e9riel &amp; accessoires - Monefia<\/title>\n<meta name=\"robots\" content=\"index, follow, max-snippet:-1, max-image-preview:large, max-video-preview:-1\" \/>\n<link rel=\"canonical\" href=\"https:\/\/monefia.com\/fr\/boutique-accessoires\/\" \/>\n<meta property=\"og:locale\" content=\"fr_FR\" \/>\n<meta property=\"og:type\" content=\"article\" \/>\n<meta property=\"og:title\" content=\"Mat\u00e9riel &amp; accessoires - Monefia\" \/>\n<meta property=\"og:url\" content=\"https:\/\/monefia.com\/fr\/boutique-accessoires\/\" \/>\n<meta property=\"og:site_name\" content=\"Monefia\" \/>\n<meta property=\"article:modified_time\" content=\"2026-01-14T22:16:43+00:00\" \/>\n<meta name=\"twitter:card\" content=\"summary_large_image\" \/>\n<meta name=\"twitter:label1\" content=\"Dur\u00e9e de lecture estim\u00e9e\" \/>\n\t<meta name=\"twitter:data1\" content=\"1 minute\" \/>\n<script type=\"application\/ld+json\" class=\"yoast-schema-graph\">{\"@context\":\"https:\/\/schema.org\",\"@graph\":[{\"@type\":\"WebPage\",\"@id\":\"https:\/\/monefia.com\/fr\/boutique-accessoires\/\",\"url\":\"https:\/\/monefia.com\/fr\/boutique-accessoires\/\",\"name\":\"Mat\u00e9riel &amp; accessoires - Monefia\",\"isPartOf\":{\"@id\":\"https:\/\/monefia.com\/fr\/#website\"},\"datePublished\":\"2026-01-14T21:02:20+00:00\",\"dateModified\":\"2026-01-14T22:16:43+00:00\",\"breadcrumb\":{\"@id\":\"https:\/\/monefia.com\/fr\/boutique-accessoires\/#breadcrumb\"},\"inLanguage\":\"fr-FR\",\"potentialAction\":[{\"@type\":\"ReadAction\",\"target\":[\"https:\/\/monefia.com\/fr\/boutique-accessoires\/\"]}]},{\"@type\":\"BreadcrumbList\",\"@id\":\"https:\/\/monefia.com\/fr\/boutique-accessoires\/#breadcrumb\",\"itemListElement\":[{\"@type\":\"ListItem\",\"position\":1,\"name\":\"Accueil\",\"item\":\"https:\/\/monefia.com\/fr\/\"},{\"@type\":\"ListItem\",\"position\":2,\"name\":\"Mat\u00e9riel &amp; accessoires\"}]},{\"@type\":\"WebSite\",\"@id\":\"https:\/\/monefia.com\/fr\/#website\",\"url\":\"https:\/\/monefia.com\/fr\/\",\"name\":\"Monefia\",\"description\":\"G\u00e9rez, Encaissez, Progressez, sans frais cach\u00e9s\",\"publisher\":{\"@id\":\"https:\/\/monefia.com\/fr\/#organization\"},\"potentialAction\":[{\"@type\":\"SearchAction\",\"target\":{\"@type\":\"EntryPoint\",\"urlTemplate\":\"https:\/\/monefia.com\/fr\/?s={search_term_string}\"},\"query-input\":{\"@type\":\"PropertyValueSpecification\",\"valueRequired\":true,\"valueName\":\"search_term_string\"}}],\"inLanguage\":\"fr-FR\"},{\"@type\":\"Organization\",\"@id\":\"https:\/\/monefia.com\/fr\/#organization\",\"name\":\"Monefia\",\"url\":\"https:\/\/monefia.com\/fr\/\",\"logo\":{\"@type\":\"ImageObject\",\"inLanguage\":\"fr-FR\",\"@id\":\"https:\/\/monefia.com\/fr\/#\/schema\/logo\/image\/\",\"url\":\"https:\/\/monefia.com\/fr\/wp-content\/uploads\/2025\/10\/logo-monefia.png\",\"contentUrl\":\"https:\/\/monefia.com\/fr\/wp-content\/uploads\/2025\/10\/logo-monefia.png\",\"width\":325,\"height\":70,\"caption\":\"Monefia\"},\"image\":{\"@id\":\"https:\/\/monefia.com\/fr\/#\/schema\/logo\/image\/\"}}]}<\/script>\n<!-- \/ Yoast SEO plugin. -->","yoast_head_json":{"title":"Mat\u00e9riel &amp; accessoires - Monefia","robots":{"index":"index","follow":"follow","max-snippet":"max-snippet:-1","max-image-preview":"max-image-preview:large","max-video-preview":"max-video-preview:-1"},"canonical":"https:\/\/monefia.com\/fr\/boutique-accessoires\/","og_locale":"fr_FR","og_type":"article","og_title":"Mat\u00e9riel &amp; accessoires - Monefia","og_url":"https:\/\/monefia.com\/fr\/boutique-accessoires\/","og_site_name":"Monefia","article_modified_time":"2026-01-14T22:16:43+00:00","twitter_card":"summary_large_image","twitter_misc":{"Dur\u00e9e de lecture estim\u00e9e":"1 minute"},"schema":{"@context":"https:\/\/schema.org","@graph":[{"@type":"WebPage","@id":"https:\/\/monefia.com\/fr\/boutique-accessoires\/","url":"https:\/\/monefia.com\/fr\/boutique-accessoires\/","name":"Mat\u00e9riel &amp; accessoires - Monefia","isPartOf":{"@id":"https:\/\/monefia.com\/fr\/#website"},"datePublished":"2026-01-14T21:02:20+00:00","dateModified":"2026-01-14T22:16:43+00:00","breadcrumb":{"@id":"https:\/\/monefia.com\/fr\/boutique-accessoires\/#breadcrumb"},"inLanguage":"fr-FR","potentialAction":[{"@type":"ReadAction","target":["https:\/\/monefia.com\/fr\/boutique-accessoires\/"]}]},{"@type":"BreadcrumbList","@id":"https:\/\/monefia.com\/fr\/boutique-accessoires\/#breadcrumb","itemListElement":[{"@type":"ListItem","position":1,"name":"Accueil","item":"https:\/\/monefia.com\/fr\/"},{"@type":"ListItem","position":2,"name":"Mat\u00e9riel &amp; accessoires"}]},{"@type":"WebSite","@id":"https:\/\/monefia.com\/fr\/#website","url":"https:\/\/monefia.com\/fr\/","name":"Monefia","description":"G\u00e9rez, Encaissez, Progressez, sans frais cach\u00e9s","publisher":{"@id":"https:\/\/monefia.com\/fr\/#organization"},"potentialAction":[{"@type":"SearchAction","target":{"@type":"EntryPoint","urlTemplate":"https:\/\/monefia.com\/fr\/?s={search_term_string}"},"query-input":{"@type":"PropertyValueSpecification","valueRequired":true,"valueName":"search_term_string"}}],"inLanguage":"fr-FR"},{"@type":"Organization","@id":"https:\/\/monefia.com\/fr\/#organization","name":"Monefia","url":"https:\/\/monefia.com\/fr\/","logo":{"@type":"ImageObject","inLanguage":"fr-FR","@id":"https:\/\/monefia.com\/fr\/#\/schema\/logo\/image\/","url":"https:\/\/monefia.com\/fr\/wp-content\/uploads\/2025\/10\/logo-monefia.png","contentUrl":"https:\/\/monefia.com\/fr\/wp-content\/uploads\/2025\/10\/logo-monefia.png","width":325,"height":70,"caption":"Monefia"},"image":{"@id":"https:\/\/monefia.com\/fr\/#\/schema\/logo\/image\/"}}]}},"fb_featured_image_src":{"full":false,"thumbnail":false,"medium":false,"medium_large":false,"large":false},"fb_author_info":{"name":"adswpmoneffr","avatar":"https:\/\/secure.gravatar.com\/avatar\/2edd1328819bc63f51c1a1312437949d679f921bcac8beca8c8aaf8d04ddc4b9?s=96&d=mm&r=g","bio":"","archive_url":"https:\/\/monefia.com\/fr\/author\/adswpmoneffr\/","email":"contact@monefia.com","latest_post_date":"28 Oct 2025"},"fb_category_info":[],"fb_post_tag_info":[],"fb_post_excerpt":null,"_links":{"self":[{"href":"https:\/\/monefia.com\/fr\/wp-json\/wp\/v2\/pages\/2153","targetHints":{"allow":["GET"]}}],"collection":[{"href":"https:\/\/monefia.com\/fr\/wp-json\/wp\/v2\/pages"}],"about":[{"href":"https:\/\/monefia.com\/fr\/wp-json\/wp\/v2\/types\/page"}],"author":[{"embeddable":true,"href":"https:\/\/monefia.com\/fr\/wp-json\/wp\/v2\/users\/1"}],"replies":[{"embeddable":true,"href":"https:\/\/monefia.com\/fr\/wp-json\/wp\/v2\/comments?post=2153"}],"version-history":[{"count":18,"href":"https:\/\/monefia.com\/fr\/wp-json\/wp\/v2\/pages\/2153\/revisions"}],"predecessor-version":[{"id":2180,"href":"https:\/\/monefia.com\/fr\/wp-json\/wp\/v2\/pages\/2153\/revisions\/2180"}],"wp:attachment":[{"href":"https:\/\/monefia.com\/fr\/wp-json\/wp\/v2\/media?parent=2153"}],"curies":[{"name":"wp","href":"https:\/\/api.w.org\/{rel}","templated":true}]}}