{"id":2134,"date":"2026-01-14T17:57:59","date_gmt":"2026-01-14T16:57:59","guid":{"rendered":"https:\/\/monefia.com\/fr\/?page_id=2134"},"modified":"2026-01-14T17:58:00","modified_gmt":"2026-01-14T16:58:00","slug":"satisfait-ou-rembourse-sous-30-jours","status":"publish","type":"page","link":"https:\/\/monefia.com\/fr\/satisfait-ou-rembourse-sous-30-jours\/","title":{"rendered":"Satisfait ou Rembours\u00e9 sous 30 jours"},"content":{"rendered":"\n<div>Votre produit ne vous convient pas ? Vous pouvez d\u00e9cider de le retourner dans un d\u00e9lai de 30 jours suivant sa r\u00e9ception.<\/div>\n\n<br><br><div>Contactez notre service client par email, muni de votre num\u00e9ro de facture, un conseiller enregistrera votre demande<\/div>\n\nRetournez votre produit (en bon \u00e9tat dans son packaging d\u2019origine accompagn\u00e9 de ses accessoires) dans un carton adapt\u00e9, dans un d\u00e9lai de 30 jours suivant la communication de votre d\u00e9cision de vous r\u00e9tracter \u00e0 l\u2019adresse qui vous sera communiqu\u00e9e par le service clients\n<br><br>\nLes frais de retour sont \u00e0 votre charge. \n<br><br>\n<u>Produits exclus de l\u2019exercice du droit de r\u00e9tractation<\/u>\n<br>\n<ul><li>Les services pleinement ex\u00e9cut\u00e9s avant la fin du d\u00e9lai de r\u00e9tractation et dont l\u2019ex\u00e9cution a commenc\u00e9 apr\u00e8s votre accord expr\u00e8s et renoncement expr\u00e8s de votre droit de r\u00e9tractation<\/li>\n<li>les enregistrements audio ou vid\u00e9o, ou les logiciels informatiques lorsqu\u2019ils ont \u00e9t\u00e9 descell\u00e9s<\/li>\n<li>Les contenus num\u00e9riques non fournis sur un support mat\u00e9riel dont l\u2019ex\u00e9cution a commenc\u00e9 apr\u00e8s votre accord expr\u00e8s et renoncement expr\u00e8s de votre droit de r\u00e9tractation. <\/li>\n<li>Un composant d\u2019un lot de vente rendu seul<\/li>\n\n \n","protected":false},"excerpt":{"rendered":"<p>Votre produit ne vous convient pas ? Vous pouvez d\u00e9cider de le retourner dans un d\u00e9lai de 30 jours suivant sa r\u00e9ception. Contactez notre service client par email, muni de votre num\u00e9ro de facture, un conseiller enregistrera votre demande Retournez votre produit (en bon \u00e9tat dans son packaging d\u2019origine accompagn\u00e9 de ses accessoires) dans un [&hellip;]<\/p>\n","protected":false},"author":1,"featured_media":0,"parent":0,"menu_order":3,"comment_status":"closed","ping_status":"closed","template":"","meta":{"_acf_changed":false,"_frontis_meta_header_display":false,"_frontis_meta_footer_display":false,"_frontis_meta_site_title_display":false,"_frontis_meta_sticky_header":false,"_frontis_meta_transparent_header":false,"_frontis_meta_lazy_load":false,"_frontis_meta_transparent_bg_color":"","_frontis_meta_sticky_bg_color":"","footnotes":""},"class_list":["post-2134","page","type-page","status-publish","hentry"],"acf":[],"yoast_head":"<!-- This site is optimized with the Yoast SEO plugin v26.8 - https:\/\/yoast.com\/product\/yoast-seo-wordpress\/ -->\n<title>Satisfait ou Rembours\u00e9 sous 30 jours - Monefia<\/title>\n<meta name=\"robots\" content=\"index, follow, max-snippet:-1, max-image-preview:large, max-video-preview:-1\" \/>\n<link rel=\"canonical\" href=\"https:\/\/monefia.com\/fr\/satisfait-ou-rembourse-sous-30-jours\/\" \/>\n<meta property=\"og:locale\" content=\"fr_FR\" \/>\n<meta property=\"og:type\" content=\"article\" \/>\n<meta property=\"og:title\" content=\"Satisfait ou Rembours\u00e9 sous 30 jours - Monefia\" \/>\n<meta property=\"og:description\" content=\"Votre produit ne vous convient pas ? Vous pouvez d\u00e9cider de le retourner dans un d\u00e9lai de 30 jours suivant sa r\u00e9ception. Contactez notre service client par email, muni de votre num\u00e9ro de facture, un conseiller enregistrera votre demande Retournez votre produit (en bon \u00e9tat dans son packaging d\u2019origine accompagn\u00e9 de ses accessoires) dans un [&hellip;]\" \/>\n<meta property=\"og:url\" content=\"https:\/\/monefia.com\/fr\/satisfait-ou-rembourse-sous-30-jours\/\" \/>\n<meta property=\"og:site_name\" content=\"Monefia\" \/>\n<meta property=\"article:modified_time\" content=\"2026-01-14T16:58:00+00:00\" \/>\n<meta name=\"twitter:card\" content=\"summary_large_image\" \/>\n<meta name=\"twitter:label1\" content=\"Dur\u00e9e de lecture estim\u00e9e\" \/>\n\t<meta name=\"twitter:data1\" content=\"1 minute\" \/>\n<script type=\"application\/ld+json\" class=\"yoast-schema-graph\">{\"@context\":\"https:\/\/schema.org\",\"@graph\":[{\"@type\":\"WebPage\",\"@id\":\"https:\/\/monefia.com\/fr\/satisfait-ou-rembourse-sous-30-jours\/\",\"url\":\"https:\/\/monefia.com\/fr\/satisfait-ou-rembourse-sous-30-jours\/\",\"name\":\"Satisfait ou Rembours\u00e9 sous 30 jours - Monefia\",\"isPartOf\":{\"@id\":\"https:\/\/monefia.com\/fr\/#website\"},\"datePublished\":\"2026-01-14T16:57:59+00:00\",\"dateModified\":\"2026-01-14T16:58:00+00:00\",\"breadcrumb\":{\"@id\":\"https:\/\/monefia.com\/fr\/satisfait-ou-rembourse-sous-30-jours\/#breadcrumb\"},\"inLanguage\":\"fr-FR\",\"potentialAction\":[{\"@type\":\"ReadAction\",\"target\":[\"https:\/\/monefia.com\/fr\/satisfait-ou-rembourse-sous-30-jours\/\"]}]},{\"@type\":\"BreadcrumbList\",\"@id\":\"https:\/\/monefia.com\/fr\/satisfait-ou-rembourse-sous-30-jours\/#breadcrumb\",\"itemListElement\":[{\"@type\":\"ListItem\",\"position\":1,\"name\":\"Accueil\",\"item\":\"https:\/\/monefia.com\/fr\/\"},{\"@type\":\"ListItem\",\"position\":2,\"name\":\"Satisfait ou Rembours\u00e9 sous 30 jours\"}]},{\"@type\":\"WebSite\",\"@id\":\"https:\/\/monefia.com\/fr\/#website\",\"url\":\"https:\/\/monefia.com\/fr\/\",\"name\":\"Monefia\",\"description\":\"G\u00e9rez, Encaissez, Progressez, sans frais cach\u00e9s\",\"publisher\":{\"@id\":\"https:\/\/monefia.com\/fr\/#organization\"},\"potentialAction\":[{\"@type\":\"SearchAction\",\"target\":{\"@type\":\"EntryPoint\",\"urlTemplate\":\"https:\/\/monefia.com\/fr\/?s={search_term_string}\"},\"query-input\":{\"@type\":\"PropertyValueSpecification\",\"valueRequired\":true,\"valueName\":\"search_term_string\"}}],\"inLanguage\":\"fr-FR\"},{\"@type\":\"Organization\",\"@id\":\"https:\/\/monefia.com\/fr\/#organization\",\"name\":\"Monefia\",\"url\":\"https:\/\/monefia.com\/fr\/\",\"logo\":{\"@type\":\"ImageObject\",\"inLanguage\":\"fr-FR\",\"@id\":\"https:\/\/monefia.com\/fr\/#\/schema\/logo\/image\/\",\"url\":\"https:\/\/monefia.com\/fr\/wp-content\/uploads\/2025\/10\/logo-monefia.png\",\"contentUrl\":\"https:\/\/monefia.com\/fr\/wp-content\/uploads\/2025\/10\/logo-monefia.png\",\"width\":325,\"height\":70,\"caption\":\"Monefia\"},\"image\":{\"@id\":\"https:\/\/monefia.com\/fr\/#\/schema\/logo\/image\/\"}}]}<\/script>\n<!-- \/ Yoast SEO plugin. -->","yoast_head_json":{"title":"Satisfait ou Rembours\u00e9 sous 30 jours - Monefia","robots":{"index":"index","follow":"follow","max-snippet":"max-snippet:-1","max-image-preview":"max-image-preview:large","max-video-preview":"max-video-preview:-1"},"canonical":"https:\/\/monefia.com\/fr\/satisfait-ou-rembourse-sous-30-jours\/","og_locale":"fr_FR","og_type":"article","og_title":"Satisfait ou Rembours\u00e9 sous 30 jours - Monefia","og_description":"Votre produit ne vous convient pas ? Vous pouvez d\u00e9cider de le retourner dans un d\u00e9lai de 30 jours suivant sa r\u00e9ception. Contactez notre service client par email, muni de votre num\u00e9ro de facture, un conseiller enregistrera votre demande Retournez votre produit (en bon \u00e9tat dans son packaging d\u2019origine accompagn\u00e9 de ses accessoires) dans un [&hellip;]","og_url":"https:\/\/monefia.com\/fr\/satisfait-ou-rembourse-sous-30-jours\/","og_site_name":"Monefia","article_modified_time":"2026-01-14T16:58:00+00:00","twitter_card":"summary_large_image","twitter_misc":{"Dur\u00e9e de lecture estim\u00e9e":"1 minute"},"schema":{"@context":"https:\/\/schema.org","@graph":[{"@type":"WebPage","@id":"https:\/\/monefia.com\/fr\/satisfait-ou-rembourse-sous-30-jours\/","url":"https:\/\/monefia.com\/fr\/satisfait-ou-rembourse-sous-30-jours\/","name":"Satisfait ou Rembours\u00e9 sous 30 jours - Monefia","isPartOf":{"@id":"https:\/\/monefia.com\/fr\/#website"},"datePublished":"2026-01-14T16:57:59+00:00","dateModified":"2026-01-14T16:58:00+00:00","breadcrumb":{"@id":"https:\/\/monefia.com\/fr\/satisfait-ou-rembourse-sous-30-jours\/#breadcrumb"},"inLanguage":"fr-FR","potentialAction":[{"@type":"ReadAction","target":["https:\/\/monefia.com\/fr\/satisfait-ou-rembourse-sous-30-jours\/"]}]},{"@type":"BreadcrumbList","@id":"https:\/\/monefia.com\/fr\/satisfait-ou-rembourse-sous-30-jours\/#breadcrumb","itemListElement":[{"@type":"ListItem","position":1,"name":"Accueil","item":"https:\/\/monefia.com\/fr\/"},{"@type":"ListItem","position":2,"name":"Satisfait ou Rembours\u00e9 sous 30 jours"}]},{"@type":"WebSite","@id":"https:\/\/monefia.com\/fr\/#website","url":"https:\/\/monefia.com\/fr\/","name":"Monefia","description":"G\u00e9rez, Encaissez, Progressez, sans frais cach\u00e9s","publisher":{"@id":"https:\/\/monefia.com\/fr\/#organization"},"potentialAction":[{"@type":"SearchAction","target":{"@type":"EntryPoint","urlTemplate":"https:\/\/monefia.com\/fr\/?s={search_term_string}"},"query-input":{"@type":"PropertyValueSpecification","valueRequired":true,"valueName":"search_term_string"}}],"inLanguage":"fr-FR"},{"@type":"Organization","@id":"https:\/\/monefia.com\/fr\/#organization","name":"Monefia","url":"https:\/\/monefia.com\/fr\/","logo":{"@type":"ImageObject","inLanguage":"fr-FR","@id":"https:\/\/monefia.com\/fr\/#\/schema\/logo\/image\/","url":"https:\/\/monefia.com\/fr\/wp-content\/uploads\/2025\/10\/logo-monefia.png","contentUrl":"https:\/\/monefia.com\/fr\/wp-content\/uploads\/2025\/10\/logo-monefia.png","width":325,"height":70,"caption":"Monefia"},"image":{"@id":"https:\/\/monefia.com\/fr\/#\/schema\/logo\/image\/"}}]}},"fb_featured_image_src":{"full":false,"thumbnail":false,"medium":false,"medium_large":false,"large":false},"fb_author_info":{"name":"adswpmoneffr","avatar":"https:\/\/secure.gravatar.com\/avatar\/2edd1328819bc63f51c1a1312437949d679f921bcac8beca8c8aaf8d04ddc4b9?s=96&d=mm&r=g","bio":"","archive_url":"https:\/\/monefia.com\/fr\/author\/adswpmoneffr\/","email":"contact@monefia.com","latest_post_date":"28 Oct 2025"},"fb_category_info":[],"fb_post_tag_info":[],"fb_post_excerpt":"Votre produit ne vous convient pas ? Vous pouvez d\u00e9cider de le retourner dans un d\u00e9lai de 30 jours suivant sa r\u00e9ception. Contactez notre service client par email, muni de votre num\u00e9ro de facture, un conseiller enregistrera votre demande Retournez votre produit (en bon \u00e9tat dans son packaging d\u2019origine accompagn\u00e9 de ses accessoires) dans un\u2026","_links":{"self":[{"href":"https:\/\/monefia.com\/fr\/wp-json\/wp\/v2\/pages\/2134","targetHints":{"allow":["GET"]}}],"collection":[{"href":"https:\/\/monefia.com\/fr\/wp-json\/wp\/v2\/pages"}],"about":[{"href":"https:\/\/monefia.com\/fr\/wp-json\/wp\/v2\/types\/page"}],"author":[{"embeddable":true,"href":"https:\/\/monefia.com\/fr\/wp-json\/wp\/v2\/users\/1"}],"replies":[{"embeddable":true,"href":"https:\/\/monefia.com\/fr\/wp-json\/wp\/v2\/comments?post=2134"}],"version-history":[{"count":2,"href":"https:\/\/monefia.com\/fr\/wp-json\/wp\/v2\/pages\/2134\/revisions"}],"predecessor-version":[{"id":2140,"href":"https:\/\/monefia.com\/fr\/wp-json\/wp\/v2\/pages\/2134\/revisions\/2140"}],"wp:attachment":[{"href":"https:\/\/monefia.com\/fr\/wp-json\/wp\/v2\/media?parent=2134"}],"curies":[{"name":"wp","href":"https:\/\/api.w.org\/{rel}","templated":true}]}}