{"id":1734,"date":"2025-11-20T14:02:17","date_gmt":"2025-11-20T13:02:17","guid":{"rendered":"https:\/\/monefia.com\/fr\/?page_id=1734"},"modified":"2026-01-14T18:00:45","modified_gmt":"2026-01-14T17:00:45","slug":"livraison-et-retour","status":"publish","type":"page","link":"https:\/\/monefia.com\/fr\/livraison-et-retour\/","title":{"rendered":"Livraison"},"content":{"rendered":"\n<div class=\"mt-20 mb-20\"><h3 class=\"bm-40\">LIVRAISON<\/h3><\/div>\n<div>\nLes commandes sont livr\u00e9es \u00e0 l&rsquo;adresse indiqu\u00e9e lors lors du passage de commande sur le site Internet, dans un d\u00e9lai maximum de 5 jours ouvr\u00e9s en France m\u00e9tropolitaine et Corse apr\u00e8s validation du KYC. Sauf cas particulier (colis trop lourd, ou quantit\u00e9 de produits trop importante) ou indisponibilit\u00e9 d&rsquo;un ou plusieurs produits, les produits command\u00e9s seront livr\u00e9s en une seule fois.\n<br><br>\nLes envois sont assur\u00e9s par La Poste en service Colissimo suivi avec signature, mon bureau de Poste ou en Point Relais. Le d\u00e9lai d&rsquo;acheminement en Colissimo est en g\u00e9n\u00e9ral de 48h\n<\/div>\n<div class=\"mt-20 mb-20\"><h3>MODES ET FRAIS DE LIVRAISON<\/h3><\/div>\n<br>\n\u2028En point relais et bureau de poste : OFFERTS. Livraison en point de retrait, remis en mains propres. 1-5 jours ouvr\u00e9s avec Colissimo.\n<br>Vous disposez ainsi de 10 jours ouvrables depuis l\u2019arriv\u00e9e de votre colis en bureau de poste, pour venir le retirer. Pass\u00e9 ce d\u00e9lai, il sera retourn\u00e9 \u00e0 l\u2019exp\u00e9diteur.\n<br>\nLe client est tenu de s\u2019assurer d\u2019avoir mentionn\u00e9 toutes les informations utiles \u00e0 la livraison de sa commande. MONEFIA ne peut \u00eatre responsable si une livraison ne peut \u00eatre effectu\u00e9e en cas d\u2019information incompl\u00e8te et\/ou erron\u00e9e communiqu\u00e9e par le client.\n<br>\nEn cas de retour du colis dans nos locaux suite \u00e0 une impossibilit\u00e9 de livraison de ce dernier (adresse du destinataire erron\u00e9e, etc), le client est automatiquement pr\u00e9venu par mail ou par t\u00e9l\u00e9phone. Sans nouvelles de sa part sous un d\u00e9lai de 48 heures \u00e0 compter de la r\u00e9ception du mail ou de l&rsquo;appel, MONAFIA se r\u00e9serve le droit d&rsquo;annuler la commande. Les frais de port ne seront alors pas rembours\u00e9s.\n<br>\nA la livraison, nous vous demandons de v\u00e9rifier l&rsquo;\u00e9tat d&#8217;emballage de votre colis.\nEn cas de doute de quelque nature que ce soit sur l&rsquo;\u00e9tat ou le contenu de votre colis, vous devez le refuser et\/ou le retourner non ouvert\/d\u00e9ball\u00e9 aupr\u00e8s du pr\u00e9pos\u00e9 de la Poste et remplir un constat d&rsquo;anomalie. Cet incident devra \u00eatre signal\u00e9 par \u00e9crit ou par mail \u00e0 contact@monefia.com afin d&rsquo;en assurer le suivi.\n<br>\n\n","protected":false},"excerpt":{"rendered":"<p>LIVRAISON Les commandes sont livr\u00e9es \u00e0 l&rsquo;adresse indiqu\u00e9e lors lors du passage de commande sur le site Internet, dans un d\u00e9lai maximum de 5 jours ouvr\u00e9s en France m\u00e9tropolitaine et Corse apr\u00e8s validation du KYC. Sauf cas particulier (colis trop lourd, ou quantit\u00e9 de produits trop importante) ou indisponibilit\u00e9 d&rsquo;un ou plusieurs produits, les produits [&hellip;]<\/p>\n","protected":false},"author":1,"featured_media":0,"parent":0,"menu_order":11,"comment_status":"closed","ping_status":"closed","template":"template-page-no-title","meta":{"_acf_changed":false,"_frontis_meta_header_display":false,"_frontis_meta_footer_display":false,"_frontis_meta_site_title_display":false,"_frontis_meta_sticky_header":false,"_frontis_meta_transparent_header":false,"_frontis_meta_lazy_load":false,"_frontis_meta_transparent_bg_color":"","_frontis_meta_sticky_bg_color":"","footnotes":""},"class_list":["post-1734","page","type-page","status-publish","hentry"],"acf":[],"yoast_head":"<!-- This site is optimized with the Yoast SEO plugin v26.8 - https:\/\/yoast.com\/product\/yoast-seo-wordpress\/ -->\n<title>Livraison - Monefia<\/title>\n<meta name=\"robots\" content=\"index, follow, max-snippet:-1, max-image-preview:large, max-video-preview:-1\" \/>\n<link rel=\"canonical\" href=\"https:\/\/monefia.com\/fr\/livraison-et-retour\/\" \/>\n<meta property=\"og:locale\" content=\"fr_FR\" \/>\n<meta property=\"og:type\" content=\"article\" \/>\n<meta property=\"og:title\" content=\"Livraison - Monefia\" \/>\n<meta property=\"og:description\" content=\"LIVRAISON Les commandes sont livr\u00e9es \u00e0 l&rsquo;adresse indiqu\u00e9e lors lors du passage de commande sur le site Internet, dans un d\u00e9lai maximum de 5 jours ouvr\u00e9s en France m\u00e9tropolitaine et Corse apr\u00e8s validation du KYC. Sauf cas particulier (colis trop lourd, ou quantit\u00e9 de produits trop importante) ou indisponibilit\u00e9 d&rsquo;un ou plusieurs produits, les produits [&hellip;]\" \/>\n<meta property=\"og:url\" content=\"https:\/\/monefia.com\/fr\/livraison-et-retour\/\" \/>\n<meta property=\"og:site_name\" content=\"Monefia\" \/>\n<meta property=\"article:modified_time\" content=\"2026-01-14T17:00:45+00:00\" \/>\n<meta name=\"twitter:card\" content=\"summary_large_image\" \/>\n<meta name=\"twitter:label1\" content=\"Dur\u00e9e de lecture estim\u00e9e\" \/>\n\t<meta name=\"twitter:data1\" content=\"2 minutes\" \/>\n<script type=\"application\/ld+json\" class=\"yoast-schema-graph\">{\"@context\":\"https:\/\/schema.org\",\"@graph\":[{\"@type\":\"WebPage\",\"@id\":\"https:\/\/monefia.com\/fr\/livraison-et-retour\/\",\"url\":\"https:\/\/monefia.com\/fr\/livraison-et-retour\/\",\"name\":\"Livraison - Monefia\",\"isPartOf\":{\"@id\":\"https:\/\/monefia.com\/fr\/#website\"},\"datePublished\":\"2025-11-20T13:02:17+00:00\",\"dateModified\":\"2026-01-14T17:00:45+00:00\",\"breadcrumb\":{\"@id\":\"https:\/\/monefia.com\/fr\/livraison-et-retour\/#breadcrumb\"},\"inLanguage\":\"fr-FR\",\"potentialAction\":[{\"@type\":\"ReadAction\",\"target\":[\"https:\/\/monefia.com\/fr\/livraison-et-retour\/\"]}]},{\"@type\":\"BreadcrumbList\",\"@id\":\"https:\/\/monefia.com\/fr\/livraison-et-retour\/#breadcrumb\",\"itemListElement\":[{\"@type\":\"ListItem\",\"position\":1,\"name\":\"Accueil\",\"item\":\"https:\/\/monefia.com\/fr\/\"},{\"@type\":\"ListItem\",\"position\":2,\"name\":\"Livraison\"}]},{\"@type\":\"WebSite\",\"@id\":\"https:\/\/monefia.com\/fr\/#website\",\"url\":\"https:\/\/monefia.com\/fr\/\",\"name\":\"Monefia\",\"description\":\"G\u00e9rez, Encaissez, Progressez, sans frais cach\u00e9s\",\"publisher\":{\"@id\":\"https:\/\/monefia.com\/fr\/#organization\"},\"potentialAction\":[{\"@type\":\"SearchAction\",\"target\":{\"@type\":\"EntryPoint\",\"urlTemplate\":\"https:\/\/monefia.com\/fr\/?s={search_term_string}\"},\"query-input\":{\"@type\":\"PropertyValueSpecification\",\"valueRequired\":true,\"valueName\":\"search_term_string\"}}],\"inLanguage\":\"fr-FR\"},{\"@type\":\"Organization\",\"@id\":\"https:\/\/monefia.com\/fr\/#organization\",\"name\":\"Monefia\",\"url\":\"https:\/\/monefia.com\/fr\/\",\"logo\":{\"@type\":\"ImageObject\",\"inLanguage\":\"fr-FR\",\"@id\":\"https:\/\/monefia.com\/fr\/#\/schema\/logo\/image\/\",\"url\":\"https:\/\/monefia.com\/fr\/wp-content\/uploads\/2025\/10\/logo-monefia.png\",\"contentUrl\":\"https:\/\/monefia.com\/fr\/wp-content\/uploads\/2025\/10\/logo-monefia.png\",\"width\":325,\"height\":70,\"caption\":\"Monefia\"},\"image\":{\"@id\":\"https:\/\/monefia.com\/fr\/#\/schema\/logo\/image\/\"}}]}<\/script>\n<!-- \/ Yoast SEO plugin. -->","yoast_head_json":{"title":"Livraison - Monefia","robots":{"index":"index","follow":"follow","max-snippet":"max-snippet:-1","max-image-preview":"max-image-preview:large","max-video-preview":"max-video-preview:-1"},"canonical":"https:\/\/monefia.com\/fr\/livraison-et-retour\/","og_locale":"fr_FR","og_type":"article","og_title":"Livraison - Monefia","og_description":"LIVRAISON Les commandes sont livr\u00e9es \u00e0 l&rsquo;adresse indiqu\u00e9e lors lors du passage de commande sur le site Internet, dans un d\u00e9lai maximum de 5 jours ouvr\u00e9s en France m\u00e9tropolitaine et Corse apr\u00e8s validation du KYC. Sauf cas particulier (colis trop lourd, ou quantit\u00e9 de produits trop importante) ou indisponibilit\u00e9 d&rsquo;un ou plusieurs produits, les produits [&hellip;]","og_url":"https:\/\/monefia.com\/fr\/livraison-et-retour\/","og_site_name":"Monefia","article_modified_time":"2026-01-14T17:00:45+00:00","twitter_card":"summary_large_image","twitter_misc":{"Dur\u00e9e de lecture estim\u00e9e":"2 minutes"},"schema":{"@context":"https:\/\/schema.org","@graph":[{"@type":"WebPage","@id":"https:\/\/monefia.com\/fr\/livraison-et-retour\/","url":"https:\/\/monefia.com\/fr\/livraison-et-retour\/","name":"Livraison - Monefia","isPartOf":{"@id":"https:\/\/monefia.com\/fr\/#website"},"datePublished":"2025-11-20T13:02:17+00:00","dateModified":"2026-01-14T17:00:45+00:00","breadcrumb":{"@id":"https:\/\/monefia.com\/fr\/livraison-et-retour\/#breadcrumb"},"inLanguage":"fr-FR","potentialAction":[{"@type":"ReadAction","target":["https:\/\/monefia.com\/fr\/livraison-et-retour\/"]}]},{"@type":"BreadcrumbList","@id":"https:\/\/monefia.com\/fr\/livraison-et-retour\/#breadcrumb","itemListElement":[{"@type":"ListItem","position":1,"name":"Accueil","item":"https:\/\/monefia.com\/fr\/"},{"@type":"ListItem","position":2,"name":"Livraison"}]},{"@type":"WebSite","@id":"https:\/\/monefia.com\/fr\/#website","url":"https:\/\/monefia.com\/fr\/","name":"Monefia","description":"G\u00e9rez, Encaissez, Progressez, sans frais cach\u00e9s","publisher":{"@id":"https:\/\/monefia.com\/fr\/#organization"},"potentialAction":[{"@type":"SearchAction","target":{"@type":"EntryPoint","urlTemplate":"https:\/\/monefia.com\/fr\/?s={search_term_string}"},"query-input":{"@type":"PropertyValueSpecification","valueRequired":true,"valueName":"search_term_string"}}],"inLanguage":"fr-FR"},{"@type":"Organization","@id":"https:\/\/monefia.com\/fr\/#organization","name":"Monefia","url":"https:\/\/monefia.com\/fr\/","logo":{"@type":"ImageObject","inLanguage":"fr-FR","@id":"https:\/\/monefia.com\/fr\/#\/schema\/logo\/image\/","url":"https:\/\/monefia.com\/fr\/wp-content\/uploads\/2025\/10\/logo-monefia.png","contentUrl":"https:\/\/monefia.com\/fr\/wp-content\/uploads\/2025\/10\/logo-monefia.png","width":325,"height":70,"caption":"Monefia"},"image":{"@id":"https:\/\/monefia.com\/fr\/#\/schema\/logo\/image\/"}}]}},"fb_featured_image_src":{"full":false,"thumbnail":false,"medium":false,"medium_large":false,"large":false},"fb_author_info":{"name":"adswpmoneffr","avatar":"https:\/\/secure.gravatar.com\/avatar\/2edd1328819bc63f51c1a1312437949d679f921bcac8beca8c8aaf8d04ddc4b9?s=96&d=mm&r=g","bio":"","archive_url":"https:\/\/monefia.com\/fr\/author\/adswpmoneffr\/","email":"contact@monefia.com","latest_post_date":"28 Oct 2025"},"fb_category_info":[],"fb_post_tag_info":[],"fb_post_excerpt":"LIVRAISON Les commandes sont livr\u00e9es \u00e0 l&rsquo;adresse indiqu\u00e9e lors lors du passage de commande sur le site Internet, dans un d\u00e9lai maximum de 5 jours ouvr\u00e9s en France m\u00e9tropolitaine et Corse apr\u00e8s validation du KYC. Sauf cas particulier (colis trop lourd, ou quantit\u00e9 de produits trop importante) ou indisponibilit\u00e9 d&rsquo;un ou plusieurs produits, les produits\u2026","_links":{"self":[{"href":"https:\/\/monefia.com\/fr\/wp-json\/wp\/v2\/pages\/1734","targetHints":{"allow":["GET"]}}],"collection":[{"href":"https:\/\/monefia.com\/fr\/wp-json\/wp\/v2\/pages"}],"about":[{"href":"https:\/\/monefia.com\/fr\/wp-json\/wp\/v2\/types\/page"}],"author":[{"embeddable":true,"href":"https:\/\/monefia.com\/fr\/wp-json\/wp\/v2\/users\/1"}],"replies":[{"embeddable":true,"href":"https:\/\/monefia.com\/fr\/wp-json\/wp\/v2\/comments?post=1734"}],"version-history":[{"count":9,"href":"https:\/\/monefia.com\/fr\/wp-json\/wp\/v2\/pages\/1734\/revisions"}],"predecessor-version":[{"id":2139,"href":"https:\/\/monefia.com\/fr\/wp-json\/wp\/v2\/pages\/1734\/revisions\/2139"}],"wp:attachment":[{"href":"https:\/\/monefia.com\/fr\/wp-json\/wp\/v2\/media?parent=1734"}],"curies":[{"name":"wp","href":"https:\/\/api.w.org\/{rel}","templated":true}]}}