{"id":1552,"date":"2025-11-17T10:54:12","date_gmt":"2025-11-17T09:54:12","guid":{"rendered":"https:\/\/monefia.com\/fr\/?page_id=1552"},"modified":"2026-01-15T12:47:22","modified_gmt":"2026-01-15T11:47:22","slug":"terminal-de-paiement-carte-bancaire-n86","status":"publish","type":"page","link":"https:\/\/monefia.com\/fr\/terminal-de-paiement-carte-bancaire-n86\/","title":{"rendered":"Terminal de paiement N86"},"content":{"rendered":"\n<style>\n.imgsbanner {\nposition:absolute;\n  top:0px; \n  left:0px; \n  overflow:hidden; \n  white-space: nowrap;\n  animation: imgsbannermove 60s linear infinite;\n}\n\n.imgsbanner img {    \n  margin: 0 0.5em \n}\n\n@keyframes imgsbannermove {\n  0% {\n      transform: translate(0, 0);\n  }\n  100% {\n      transform: translate(-50%, 0);\n  }\n}\n.offer-img{position: relative;}\n.offer-promo{position: absolute;top: 20px;background-color: antiquewhite;padding: 10px;border-radius: 20px;}\n\n@media screen and (max-width: 600px) {\n.offer-promo{position: relative;top: 20px;background-color: antiquewhite;padding: 10px;border-radius: 20px;}\n}\n<\/style>\n<div class=\"container\">\n<div class=\"offset-md-1 col-md-10\">\n<div class=\"row bgtopn86\">\n<div class=\"col-md-8\"><div class=\"mb-30 mt-20\"><h1 class=\"page-title\"><strong>Nexgo N86<\/strong><\/h1>\n<div>Terminal polyvalent et robuste pour tous vos encaissements<\/div>\n<div classs=\"col-md-12 mt-20\" style=\"margin-top:20px;\">\n<div class=\"mobile-hide\">Le N86 allie qualit\u00e9, design innovant et hautes performances gr\u00e2ce \u00e0 Android 9.0 et un processeur quad-core de 1,4 GHz. Il est \u00e9conome en \u00e9nergie, avec jusqu\u2019\u00e0 240 heures d\u2019autonomie en veille et poss\u00e8de une imprimante pour vos tickets<\/div>\n<\/div>\n<div class=\"col-md-10 mobile-white\">\n<div class=\"row mt-60\" align=\"center\">\n<div class=\"col-6 col-md-3\"><div><i class=\"fas fa-tablet-alt\" style=\"font-size:45px;\"><\/i><\/div>Ecran Couleur HD 5,0&Prime;<\/div>\n<div class=\"col-6 col-md-3\"><div><i class=\"fas fa-credit-card\" style=\"font-size:45px;\"><\/i><\/div>Lecteur cartes + sans contact<\/div>\n<div class=\"col-6 col-md-3\"><div><i class=\"fas fa-print\" style=\"font-size:45px;\"><\/i><\/div>Imprimante thermique 58mm<\/div>\n<div class=\"col-6 col-md-3\"><div><i class=\"fas fa-wifi\" style=\"font-size:45px;\"><\/i><\/div>Connexion Wifi et 4G<\/div>\n<\/div>\n<\/div>\n<\/div>\n\n\n<div><\/div>\n\n<div class=\"row mt-60 mb-40\">\n<div class=\"col-md-11 col-xs-12 col-11\" align=\"center\"><div class=\"wp-block-button is-style-fill\"><a class=\"wp-block-button__link wp-element-button\" href=\"\/fr\/terminal-de-paiement-carte-bancaire\/\">Voir l&rsquo;offre encaissement TPE Pro<\/a><\/div><\/div>\n<\/div>\n<div class=\"col-md-11 col-xs-12 col-11 mt-60 mb-40\" align=\"center\">\n<div class=\"row\">\n<div class=\"col-2\"><img decoding=\"async\" src=\"\/fr\/wp-content\/uploads\/2025\/11\/pt-logo-visa.jpg\" class=\"img-fluid\"><\/div>\n<div class=\"col-2\"><img decoding=\"async\" src=\"\/fr\/wp-content\/uploads\/2025\/11\/pt-logo-mastercard.jpg\" class=\"img-fluid\"><\/div>\n<div class=\"col-2\"><img decoding=\"async\" src=\"\/fr\/wp-content\/uploads\/2025\/11\/pt-logo-maestro.jpg\" class=\"img-fluid\"><\/div>\n<div class=\"col-2\"><img decoding=\"async\" src=\"\/fr\/wp-content\/uploads\/2025\/11\/pt-logo-sans-contact.jpg\" class=\"img-fluid\"><\/div>\n<\/div>\n<\/div>\n<div class=\"mt-20 mb-60 col-9\" style=\"font-size:13px;\">Ses performances de haut niveau et sa conception \u00e0 tr\u00e8s faible consommation d&rsquo;\u00e9nergie vous permettent  d&rsquo;imprimer jusqu&rsquo;\u00e0 600 re\u00e7us, avec une autonomie en veille allant jusqu&rsquo;\u00e0 240 heures sans recharge<\/div>\n\n\n\n<\/div>\n<div class=\"col-md-4\"><\/div>\n<\/div>\n<div class=\"row\">\n<div class=\"col-md-12 mt-50\">\n<div align=\"center\"><h4>Commer\u00e7ants, restaurateurs, ind\u00e9pendants acceptez les paiements de vos clients<\/h4><\/div>\n<div class=\"row\">\n<div class=\"col-md-8 offset-md-2 mt-30\">\n <div style=\"position:relative;\"><\/div><\/div><\/div>\n<\/div>\n<\/div>\n\n<div class=\"row\">\n<div class=\"col-md-12 mt-50\">\n<div align=center><img decoding=\"async\" src=\"\/fr\/wp-content\/uploads\/2025\/11\/terminal-paiement-cb-n86-monefia.jpg\" class=\"img-fluid\"><\/div>\n<\/div>\n<\/div>\n\n<div class=\"row\">\n<div class=\"col-md-12 mt-50\">\n<div><h4>Caract\u00e9ristiques techniques<\/h4><\/div>\n\n<div class=\"row mt-40\" style=\"font-size:12px;\">\n<div class=\"col-md-6\">\n<table class=\"table table-striped-columns\">\n<tr><td>Ecran<\/td><td>5.0&Prime; HD (1280 x 720) couleur, Capacitatif, Multi-Touch<\/td><\/tr>\n<tr><td>Processeur<\/td><td>Quad-Core Cortex-A53, 1.4GHz<\/td><\/tr>\n<tr><td>M\u00e9moire<\/td><td>1 GB RAM + 8GB ROM (Micro SD Card support\u00e9e jusqu&rsquo;\u00e0 128GB)<\/td><\/tr>\n<tr><td>Cam\u00e9ra<\/td><td>2 MP, FF<\/td><\/tr>\n<tr><td>Syst\u00e8me d&rsquo;exploitation<\/td><td>Android 9<\/td><\/tr>\n<tr><td>Communication<\/td><td>4G\/3G\/2G &#8211; Wi-Fi, 802.11b\/g\/n, 2.4GHz &#8211; BT4.2<\/td><\/tr>\n<tr><td>Imprimante<\/td><td>Haute vitesse. Rouleur 58mm, Diam\u00e8tre 40mm<\/td><\/tr>\n<tr><td>Audio<\/td><td>1 Haut parleur<\/td><\/tr>\n<tr><td>Ports externes<\/td><td>1 x Type USB C<\/td><\/tr>\n<tr><td>Adaptateur<\/td><td>DC 5V\/2A<\/td><\/tr>\n<\/table>\n<\/div>\n<div class=\"col-md-6\">\n<table class=\"table table-striped-columns\">\n<tr><td>Lecteurs de carte<\/td><td>Carte \u00e0 puce, magn\u00e9tique, sans contact<\/td><\/tr>\n<tr><td>Slot<\/td><td>1 carte sim + 2 sam<\/td><\/tr>\n<tr><td>Dimensions<\/td><td>194mm(L)x80mm(l)x68.8mm(H)<\/td><\/tr>\n<tr><td>Poids<\/td><td>420g (batterie incluse)<\/td><\/tr>\n<tr><td>Batterie<\/td><td>7.4V\/2600mAh<\/td><\/tr>\n<tr><td>G\u00e9olocalisation<\/td><td>GPS, GLONASS<\/td><\/tr>\n<tr><td>Accessoires<\/td><td>Station de charge &#8211; Scanner int\u00e9gr\u00e9 &#8211; Lecteur d&#8217;empreintes digitales<\/td><\/tr>\n<tr><td>Certifications<\/td><td>CE, ATEX, IP54;<br>EMV3.0, L1&#038;L2, PBOC\/QPBOC,Paypass, PayWave, JCB, AMEX,\nDiscover, TQM;<br>PCI6.X, UPTS 3.0, Common Criteria\n<\/td><\/tr>\n<tr><td>Environnement<\/td><td>Temp\u00e9rature de fonctionnement : 0 \u00b0C \u00e0 50 \u00b0C<br>Temp\u00e9rature de stockage : -20 \u00b0C \u00e0\n60 \u00b0C<br>R\u00e9sistance aux chocs : 1,5 m<\/td><\/tr>\n<\/table>\n<\/div>\n<\/div>\n\n<\/div>\n<\/div>\n\n\n<div class=\"row mt-100\">\n<div class=\"col-md-12\">\n<div class=\"img-ac-b-4\">\n<div class=\"row\">\n<div class=\"col-md-8\">\n<div class=\"pad15\"><div class=\"mt-40\"><h3>Besoin d&rsquo;une solution d&rsquo;encaissement?<\/h3><\/div>\n<div class=\"mt-20\"><div class=\"size-20\">\n<div class=\"col-md-8\">Cr\u00e9ez votre offre en ligne en quelques clics et ou comparez avec votre offre actuelle<\/div><\/div><\/div>\n<div class=\"mt-30 mb-50\"><a class=\"wp-block-button__link wp-element-button\" href=\"\/fr\/simulateur-frais-de-transactions-bancaires\/\">Simuler une offre sans engagement<\/a><\/div>\n<\/div>\n<\/div>\n<div class=\"col-md-4\"><\/div>\n<\/div>\n<\/div>\n<div><\/div>\n\n<\/div>\n<\/div>\n\n<div class=\"row mt-40\" id=\"offre-details\">\n<div class=\"col-md-6\"><img decoding=\"async\" src=\"\/fr\/wp-content\/uploads\/2025\/11\/tpe-paiement-commercant.jpg\" class=\"img-fluid br20\"><\/div>\n<div class=\"col-md-6 align-self-center\">\n<div class=\"mt-40\"><h2><strong>La solution qu&rsquo;il vous faut<\/strong><\/h2><\/div>\n<div class=\"mt-20\">Que vous recherchiez un offre d&rsquo;encaissement carte bancaire ultra comp\u00e9titive et \u00e9volutive ou que vous ayez besoin d&rsquo;optimiser vos co\u00fbts, notre solution vous permet de de r\u00e9duire vos co\u00fbt avec une solution pro <\/div>\n<div class=\"mt-30\">\n<ul class=\"ul-nolist\">\n<li>Adapt\u00e9 \u00e0 toutes les activit\u00e9s<\/li>\n<li>Reversement J+1<\/li>\n<li>Sans changer de banque<\/li>\n<li>Suivi en temps r\u00e9el de vos encaissements<\/li>\n<li>Assistance technique 7j\/7<\/li>\n<\/ul>\n<\/div>\n<\/div>\n<\/div>\n    \n<div class=\"row mt-40\">\n<div class=\"col-md-6 align-self-center\">\n<div class=\"mt-40\"><h2><strong>Option bouclier tarifaire<\/strong><\/h2><\/div>\n<div class=\"mt-20\">Avec l&rsquo;option bouclier tarifaire, les frais de transaction nous vous co\u00fbterons <strong>jamais plus de 15 centimes<\/strong> (hors frais d&rsquo;interchange)<\/div>\n\n<\/div>\n<div class=\"col-md-6\"><img decoding=\"async\" src=\"\/fr\/wp-content\/uploads\/2025\/11\/encaissement-commercant.jpg\" class=\"img-fluid br20\"><\/div>\n<\/div>\n\n\n\n\n\n   \n  <\/div>\n<\/section>\n\n\n\n\n<\/div>\n<\/div>\n\n\n\n\n\n\n<\/div>\n<\/div>\n\n\n","protected":false},"excerpt":{"rendered":"<p>Nexgo N86 Terminal polyvalent et robuste pour tous vos encaissements Le N86 allie qualit\u00e9, design innovant et hautes performances gr\u00e2ce \u00e0 Android 9.0 et un processeur quad-core de 1,4 GHz. Il est \u00e9conome en \u00e9nergie, avec jusqu\u2019\u00e0 240 heures d\u2019autonomie en veille et poss\u00e8de une imprimante pour vos tickets Ecran Couleur HD 5,0&Prime; Lecteur cartes [&hellip;]<\/p>\n","protected":false},"author":1,"featured_media":0,"parent":0,"menu_order":46,"comment_status":"closed","ping_status":"closed","template":"","meta":{"_acf_changed":false,"_frontis_meta_header_display":false,"_frontis_meta_footer_display":false,"_frontis_meta_site_title_display":false,"_frontis_meta_sticky_header":false,"_frontis_meta_transparent_header":false,"_frontis_meta_lazy_load":false,"_frontis_meta_transparent_bg_color":"","_frontis_meta_sticky_bg_color":"","footnotes":""},"class_list":["post-1552","page","type-page","status-publish","hentry"],"acf":[],"yoast_head":"<!-- This site is optimized with the Yoast SEO plugin v26.8 - https:\/\/yoast.com\/product\/yoast-seo-wordpress\/ -->\n<title>Terminal de paiement N86 - Monefia<\/title>\n<meta name=\"description\" content=\"Terminal de paiement pour les commer\u00e7ants, restaurateurs, ind\u00e9pendant. Offre imbattable, avec le bouclier tarifaire. A partir de 0,5%\" \/>\n<meta name=\"robots\" content=\"index, follow, max-snippet:-1, max-image-preview:large, max-video-preview:-1\" \/>\n<link rel=\"canonical\" href=\"https:\/\/monefia.com\/fr\/terminal-de-paiement-carte-bancaire-n86\/\" \/>\n<meta property=\"og:locale\" content=\"fr_FR\" \/>\n<meta property=\"og:type\" content=\"article\" \/>\n<meta property=\"og:title\" content=\"Terminal de paiement N86 - Monefia\" \/>\n<meta property=\"og:description\" content=\"Terminal de paiement pour les commer\u00e7ants, restaurateurs, ind\u00e9pendant. Offre imbattable, avec le bouclier tarifaire. A partir de 0,5%\" \/>\n<meta property=\"og:url\" content=\"https:\/\/monefia.com\/fr\/terminal-de-paiement-carte-bancaire-n86\/\" \/>\n<meta property=\"og:site_name\" content=\"Monefia\" \/>\n<meta property=\"article:modified_time\" content=\"2026-01-15T11:47:22+00:00\" \/>\n<meta name=\"twitter:card\" content=\"summary_large_image\" \/>\n<meta name=\"twitter:label1\" content=\"Dur\u00e9e de lecture estim\u00e9e\" \/>\n\t<meta name=\"twitter:data1\" content=\"4 minutes\" \/>\n<script type=\"application\/ld+json\" class=\"yoast-schema-graph\">{\"@context\":\"https:\/\/schema.org\",\"@graph\":[{\"@type\":\"WebPage\",\"@id\":\"https:\/\/monefia.com\/fr\/terminal-de-paiement-carte-bancaire-n86\/\",\"url\":\"https:\/\/monefia.com\/fr\/terminal-de-paiement-carte-bancaire-n86\/\",\"name\":\"Terminal de paiement N86 - Monefia\",\"isPartOf\":{\"@id\":\"https:\/\/monefia.com\/fr\/#website\"},\"datePublished\":\"2025-11-17T09:54:12+00:00\",\"dateModified\":\"2026-01-15T11:47:22+00:00\",\"description\":\"Terminal de paiement pour les commer\u00e7ants, restaurateurs, ind\u00e9pendant. Offre imbattable, avec le bouclier tarifaire. A partir de 0,5%\",\"breadcrumb\":{\"@id\":\"https:\/\/monefia.com\/fr\/terminal-de-paiement-carte-bancaire-n86\/#breadcrumb\"},\"inLanguage\":\"fr-FR\",\"potentialAction\":[{\"@type\":\"ReadAction\",\"target\":[\"https:\/\/monefia.com\/fr\/terminal-de-paiement-carte-bancaire-n86\/\"]}]},{\"@type\":\"BreadcrumbList\",\"@id\":\"https:\/\/monefia.com\/fr\/terminal-de-paiement-carte-bancaire-n86\/#breadcrumb\",\"itemListElement\":[{\"@type\":\"ListItem\",\"position\":1,\"name\":\"Accueil\",\"item\":\"https:\/\/monefia.com\/fr\/\"},{\"@type\":\"ListItem\",\"position\":2,\"name\":\"Terminal de paiement N86\"}]},{\"@type\":\"WebSite\",\"@id\":\"https:\/\/monefia.com\/fr\/#website\",\"url\":\"https:\/\/monefia.com\/fr\/\",\"name\":\"Monefia\",\"description\":\"G\u00e9rez, Encaissez, Progressez, sans frais cach\u00e9s\",\"publisher\":{\"@id\":\"https:\/\/monefia.com\/fr\/#organization\"},\"potentialAction\":[{\"@type\":\"SearchAction\",\"target\":{\"@type\":\"EntryPoint\",\"urlTemplate\":\"https:\/\/monefia.com\/fr\/?s={search_term_string}\"},\"query-input\":{\"@type\":\"PropertyValueSpecification\",\"valueRequired\":true,\"valueName\":\"search_term_string\"}}],\"inLanguage\":\"fr-FR\"},{\"@type\":\"Organization\",\"@id\":\"https:\/\/monefia.com\/fr\/#organization\",\"name\":\"Monefia\",\"url\":\"https:\/\/monefia.com\/fr\/\",\"logo\":{\"@type\":\"ImageObject\",\"inLanguage\":\"fr-FR\",\"@id\":\"https:\/\/monefia.com\/fr\/#\/schema\/logo\/image\/\",\"url\":\"https:\/\/monefia.com\/fr\/wp-content\/uploads\/2025\/10\/logo-monefia.png\",\"contentUrl\":\"https:\/\/monefia.com\/fr\/wp-content\/uploads\/2025\/10\/logo-monefia.png\",\"width\":325,\"height\":70,\"caption\":\"Monefia\"},\"image\":{\"@id\":\"https:\/\/monefia.com\/fr\/#\/schema\/logo\/image\/\"}}]}<\/script>\n<!-- \/ Yoast SEO plugin. -->","yoast_head_json":{"title":"Terminal de paiement N86 - Monefia","description":"Terminal de paiement pour les commer\u00e7ants, restaurateurs, ind\u00e9pendant. Offre imbattable, avec le bouclier tarifaire. A partir de 0,5%","robots":{"index":"index","follow":"follow","max-snippet":"max-snippet:-1","max-image-preview":"max-image-preview:large","max-video-preview":"max-video-preview:-1"},"canonical":"https:\/\/monefia.com\/fr\/terminal-de-paiement-carte-bancaire-n86\/","og_locale":"fr_FR","og_type":"article","og_title":"Terminal de paiement N86 - Monefia","og_description":"Terminal de paiement pour les commer\u00e7ants, restaurateurs, ind\u00e9pendant. Offre imbattable, avec le bouclier tarifaire. A partir de 0,5%","og_url":"https:\/\/monefia.com\/fr\/terminal-de-paiement-carte-bancaire-n86\/","og_site_name":"Monefia","article_modified_time":"2026-01-15T11:47:22+00:00","twitter_card":"summary_large_image","twitter_misc":{"Dur\u00e9e de lecture estim\u00e9e":"4 minutes"},"schema":{"@context":"https:\/\/schema.org","@graph":[{"@type":"WebPage","@id":"https:\/\/monefia.com\/fr\/terminal-de-paiement-carte-bancaire-n86\/","url":"https:\/\/monefia.com\/fr\/terminal-de-paiement-carte-bancaire-n86\/","name":"Terminal de paiement N86 - Monefia","isPartOf":{"@id":"https:\/\/monefia.com\/fr\/#website"},"datePublished":"2025-11-17T09:54:12+00:00","dateModified":"2026-01-15T11:47:22+00:00","description":"Terminal de paiement pour les commer\u00e7ants, restaurateurs, ind\u00e9pendant. Offre imbattable, avec le bouclier tarifaire. A partir de 0,5%","breadcrumb":{"@id":"https:\/\/monefia.com\/fr\/terminal-de-paiement-carte-bancaire-n86\/#breadcrumb"},"inLanguage":"fr-FR","potentialAction":[{"@type":"ReadAction","target":["https:\/\/monefia.com\/fr\/terminal-de-paiement-carte-bancaire-n86\/"]}]},{"@type":"BreadcrumbList","@id":"https:\/\/monefia.com\/fr\/terminal-de-paiement-carte-bancaire-n86\/#breadcrumb","itemListElement":[{"@type":"ListItem","position":1,"name":"Accueil","item":"https:\/\/monefia.com\/fr\/"},{"@type":"ListItem","position":2,"name":"Terminal de paiement N86"}]},{"@type":"WebSite","@id":"https:\/\/monefia.com\/fr\/#website","url":"https:\/\/monefia.com\/fr\/","name":"Monefia","description":"G\u00e9rez, Encaissez, Progressez, sans frais cach\u00e9s","publisher":{"@id":"https:\/\/monefia.com\/fr\/#organization"},"potentialAction":[{"@type":"SearchAction","target":{"@type":"EntryPoint","urlTemplate":"https:\/\/monefia.com\/fr\/?s={search_term_string}"},"query-input":{"@type":"PropertyValueSpecification","valueRequired":true,"valueName":"search_term_string"}}],"inLanguage":"fr-FR"},{"@type":"Organization","@id":"https:\/\/monefia.com\/fr\/#organization","name":"Monefia","url":"https:\/\/monefia.com\/fr\/","logo":{"@type":"ImageObject","inLanguage":"fr-FR","@id":"https:\/\/monefia.com\/fr\/#\/schema\/logo\/image\/","url":"https:\/\/monefia.com\/fr\/wp-content\/uploads\/2025\/10\/logo-monefia.png","contentUrl":"https:\/\/monefia.com\/fr\/wp-content\/uploads\/2025\/10\/logo-monefia.png","width":325,"height":70,"caption":"Monefia"},"image":{"@id":"https:\/\/monefia.com\/fr\/#\/schema\/logo\/image\/"}}]}},"fb_featured_image_src":{"full":false,"thumbnail":false,"medium":false,"medium_large":false,"large":false},"fb_author_info":{"name":"adswpmoneffr","avatar":"https:\/\/secure.gravatar.com\/avatar\/2edd1328819bc63f51c1a1312437949d679f921bcac8beca8c8aaf8d04ddc4b9?s=96&d=mm&r=g","bio":"","archive_url":"https:\/\/monefia.com\/fr\/author\/adswpmoneffr\/","email":"contact@monefia.com","latest_post_date":"28 Oct 2025"},"fb_category_info":[],"fb_post_tag_info":[],"fb_post_excerpt":"Nexgo N86 Terminal polyvalent et robuste pour tous vos encaissements Le N86 allie qualit\u00e9, design innovant et hautes performances gr\u00e2ce \u00e0 Android 9.0 et un processeur quad-core de 1,4 GHz. Il est \u00e9conome en \u00e9nergie, avec jusqu\u2019\u00e0 240 heures d\u2019autonomie en veille et poss\u00e8de une imprimante pour vos tickets Ecran Couleur HD 5,0&Prime; Lecteur cartes\u2026","_links":{"self":[{"href":"https:\/\/monefia.com\/fr\/wp-json\/wp\/v2\/pages\/1552","targetHints":{"allow":["GET"]}}],"collection":[{"href":"https:\/\/monefia.com\/fr\/wp-json\/wp\/v2\/pages"}],"about":[{"href":"https:\/\/monefia.com\/fr\/wp-json\/wp\/v2\/types\/page"}],"author":[{"embeddable":true,"href":"https:\/\/monefia.com\/fr\/wp-json\/wp\/v2\/users\/1"}],"replies":[{"embeddable":true,"href":"https:\/\/monefia.com\/fr\/wp-json\/wp\/v2\/comments?post=1552"}],"version-history":[{"count":71,"href":"https:\/\/monefia.com\/fr\/wp-json\/wp\/v2\/pages\/1552\/revisions"}],"predecessor-version":[{"id":2207,"href":"https:\/\/monefia.com\/fr\/wp-json\/wp\/v2\/pages\/1552\/revisions\/2207"}],"wp:attachment":[{"href":"https:\/\/monefia.com\/fr\/wp-json\/wp\/v2\/media?parent=1552"}],"curies":[{"name":"wp","href":"https:\/\/api.w.org\/{rel}","templated":true}]}}